{"id":3408483,"date":"2025-10-09T22:42:59","date_gmt":"2025-10-10T02:42:59","guid":{"rendered":"https:\/\/stoic-curie.212-227-153-4.plesk.page\/product\/sprenger-mikro-einzel-mit-schwenkbuegel-und-achterstagblock\/"},"modified":"2026-02-24T23:34:51","modified_gmt":"2026-02-24T23:34:51","slug":"sprenger-mikro-einzel-mit-schwenkbuegel-und-achterstagblock","status":"publish","type":"product","link":"https:\/\/stoic-curie.212-227-153-4.plesk.page\/de\/product\/sprenger-mikro-einzel-mit-schwenkbuegel-und-achterstagblock\/","title":{"rendered":"Sprenger Mikro Einzel mit Schwenkb\u00fcgel und Achterstagblock"},"content":{"rendered":"<p>Sprenger Mikro Einzel mit Schwenkb\u00fcgel und Achterstagblock &#8211; <\/p>\n<p>Kugellager HS-Bl\u00f6cke f\u00fcr Stahlseile und Dyneema-T\u00fccher bis zu 4 mm.<br \/>Kugellager: Edelstahl<br \/>Sheav Durchmesser 19 mm: Edelstahl<br \/>Backen: Edelstahl<br \/>Bruchlast: 450 Kg.<\/p>\n","protected":false},"excerpt":{"rendered":"<p>Sprenger Mikro Einzel mit Schwenkb\u00fcgel und Achterstagblock &#8211; Kugellager HS-Bl\u00f6cke f\u00fcr Stahlseile und Dyneema-T\u00fccher bis zu 4 mm.Kugellager: EdelstahlSheav Durchmesser<\/p>\n","protected":false},"featured_media":5939843,"comment_status":"closed","ping_status":"closed","template":"","meta":[],"product_brand":[3430],"product_cat":[1482],"product_tag":[],"class_list":{"0":"post-3408483","1":"product","2":"type-product","3":"status-publish","4":"has-post-thumbnail","6":"product_brand-sprenger-hs-de","7":"product_cat-sprenger-bloecke","9":"first","10":"instock","11":"shipping-taxable","12":"purchasable","13":"product-type-simple"},"_links":{"self":[{"href":"https:\/\/stoic-curie.212-227-153-4.plesk.page\/de\/wp-json\/wp\/v2\/product\/3408483","targetHints":{"allow":["GET"]}}],"collection":[{"href":"https:\/\/stoic-curie.212-227-153-4.plesk.page\/de\/wp-json\/wp\/v2\/product"}],"about":[{"href":"https:\/\/stoic-curie.212-227-153-4.plesk.page\/de\/wp-json\/wp\/v2\/types\/product"}],"replies":[{"embeddable":true,"href":"https:\/\/stoic-curie.212-227-153-4.plesk.page\/de\/wp-json\/wp\/v2\/comments?post=3408483"}],"version-history":[{"count":0,"href":"https:\/\/stoic-curie.212-227-153-4.plesk.page\/de\/wp-json\/wp\/v2\/product\/3408483\/revisions"}],"wp:featuredmedia":[{"embeddable":true,"href":"https:\/\/stoic-curie.212-227-153-4.plesk.page\/de\/wp-json\/wp\/v2\/media\/5939843"}],"wp:attachment":[{"href":"https:\/\/stoic-curie.212-227-153-4.plesk.page\/de\/wp-json\/wp\/v2\/media?parent=3408483"}],"wp:term":[{"taxonomy":"product_brand","embeddable":true,"href":"https:\/\/stoic-curie.212-227-153-4.plesk.page\/de\/wp-json\/wp\/v2\/product_brand?post=3408483"},{"taxonomy":"product_cat","embeddable":true,"href":"https:\/\/stoic-curie.212-227-153-4.plesk.page\/de\/wp-json\/wp\/v2\/product_cat?post=3408483"},{"taxonomy":"product_tag","embeddable":true,"href":"https:\/\/stoic-curie.212-227-153-4.plesk.page\/de\/wp-json\/wp\/v2\/product_tag?post=3408483"}],"curies":[{"name":"wp","href":"https:\/\/api.w.org\/{rel}","templated":true}]}}