{"id":3408723,"date":"2025-10-09T22:43:08","date_gmt":"2025-10-10T02:43:08","guid":{"rendered":"https:\/\/stoic-curie.212-227-153-4.plesk.page\/product\/ersatzhebel-fuer-stopper-easylock-midi\/"},"modified":"2026-02-24T23:34:52","modified_gmt":"2026-02-24T23:34:52","slug":"ersatzhebel-fuer-stopper-easylock-midi","status":"publish","type":"product","link":"https:\/\/stoic-curie.212-227-153-4.plesk.page\/de\/product\/ersatzhebel-fuer-stopper-easylock-midi\/","title":{"rendered":"Ersatzhebel f\u00fcr Stopper Easylock Midi"},"content":{"rendered":"<p>Ersatzhebel f\u00fcr Stopper Easylock Midi &#8211; <\/p>\n<p>Der EasyLock Midi-Stopp ist f\u00fcr Seile mit einem Durchmesser von 6 bis 12 mm geeignet. Der doppelt profilierte Mechanismus sorgt f\u00fcr eine gute Verriegelung des Falles \u00fcber die gesamte Fl\u00e4che. Er erm\u00f6glicht das Greifen oder L\u00f6sen von Leinen unter Spannung. Kunststoffgeh\u00e4use und -griff, Mechanismus aus rostfreiem Stahl. Tragkraft 700 kg. L\u00e4nge 115 mm.<\/p>\n","protected":false},"excerpt":{"rendered":"<p>Ersatzhebel f\u00fcr Stopper Easylock Midi &#8211; Der EasyLock Midi-Stopp ist f\u00fcr Seile mit einem Durchmesser von 6 bis 12 mm<\/p>\n","protected":false},"featured_media":5940004,"comment_status":"closed","ping_status":"closed","template":"","meta":[],"product_brand":[2905],"product_cat":[1485],"product_tag":[],"class_list":{"0":"post-3408723","1":"product","2":"type-product","3":"status-publish","4":"has-post-thumbnail","6":"product_brand-easylock-de","7":"product_cat-stopper-und-klemmen","9":"first","10":"instock","11":"shipping-taxable","12":"purchasable","13":"product-type-simple"},"_links":{"self":[{"href":"https:\/\/stoic-curie.212-227-153-4.plesk.page\/de\/wp-json\/wp\/v2\/product\/3408723","targetHints":{"allow":["GET"]}}],"collection":[{"href":"https:\/\/stoic-curie.212-227-153-4.plesk.page\/de\/wp-json\/wp\/v2\/product"}],"about":[{"href":"https:\/\/stoic-curie.212-227-153-4.plesk.page\/de\/wp-json\/wp\/v2\/types\/product"}],"replies":[{"embeddable":true,"href":"https:\/\/stoic-curie.212-227-153-4.plesk.page\/de\/wp-json\/wp\/v2\/comments?post=3408723"}],"version-history":[{"count":0,"href":"https:\/\/stoic-curie.212-227-153-4.plesk.page\/de\/wp-json\/wp\/v2\/product\/3408723\/revisions"}],"wp:featuredmedia":[{"embeddable":true,"href":"https:\/\/stoic-curie.212-227-153-4.plesk.page\/de\/wp-json\/wp\/v2\/media\/5940004"}],"wp:attachment":[{"href":"https:\/\/stoic-curie.212-227-153-4.plesk.page\/de\/wp-json\/wp\/v2\/media?parent=3408723"}],"wp:term":[{"taxonomy":"product_brand","embeddable":true,"href":"https:\/\/stoic-curie.212-227-153-4.plesk.page\/de\/wp-json\/wp\/v2\/product_brand?post=3408723"},{"taxonomy":"product_cat","embeddable":true,"href":"https:\/\/stoic-curie.212-227-153-4.plesk.page\/de\/wp-json\/wp\/v2\/product_cat?post=3408723"},{"taxonomy":"product_tag","embeddable":true,"href":"https:\/\/stoic-curie.212-227-153-4.plesk.page\/de\/wp-json\/wp\/v2\/product_tag?post=3408723"}],"curies":[{"name":"wp","href":"https:\/\/api.w.org\/{rel}","templated":true}]}}