{"id":3408913,"date":"2025-10-09T22:43:15","date_gmt":"2025-10-10T02:43:15","guid":{"rendered":"https:\/\/stoic-curie.212-227-153-4.plesk.page\/product\/bugfender-bb1-mini-blau\/"},"modified":"2026-02-24T23:34:52","modified_gmt":"2026-02-24T23:34:52","slug":"bugfender-bb1-mini-blau","status":"publish","type":"product","link":"https:\/\/stoic-curie.212-227-153-4.plesk.page\/de\/product\/bugfender-bb1-mini-blau\/","title":{"rendered":"Bugfender BB1 Mini Blau"},"content":{"rendered":"<p>Bugfender BB1 Mini Blau &#8211; <\/p>\n<p>Robuster PVC-Bogensto\u00dff\u00e4nger mit drei verst\u00e4rkten \u00d6sen.<\/p>\n","protected":false},"excerpt":{"rendered":"<p>Bugfender BB1 Mini Blau &#8211; Robuster PVC-Bogensto\u00dff\u00e4nger mit drei verst\u00e4rkten \u00d6sen.<\/p>\n","protected":false},"featured_media":5940042,"comment_status":"closed","ping_status":"closed","template":"","meta":[],"product_brand":[3090],"product_cat":[1561],"product_tag":[],"class_list":{"0":"post-3408913","1":"product","2":"type-product","3":"status-publish","4":"has-post-thumbnail","6":"product_brand-majoni-de","7":"product_cat-fender","9":"first","10":"instock","11":"shipping-taxable","12":"purchasable","13":"product-type-simple"},"_links":{"self":[{"href":"https:\/\/stoic-curie.212-227-153-4.plesk.page\/de\/wp-json\/wp\/v2\/product\/3408913","targetHints":{"allow":["GET"]}}],"collection":[{"href":"https:\/\/stoic-curie.212-227-153-4.plesk.page\/de\/wp-json\/wp\/v2\/product"}],"about":[{"href":"https:\/\/stoic-curie.212-227-153-4.plesk.page\/de\/wp-json\/wp\/v2\/types\/product"}],"replies":[{"embeddable":true,"href":"https:\/\/stoic-curie.212-227-153-4.plesk.page\/de\/wp-json\/wp\/v2\/comments?post=3408913"}],"version-history":[{"count":0,"href":"https:\/\/stoic-curie.212-227-153-4.plesk.page\/de\/wp-json\/wp\/v2\/product\/3408913\/revisions"}],"wp:featuredmedia":[{"embeddable":true,"href":"https:\/\/stoic-curie.212-227-153-4.plesk.page\/de\/wp-json\/wp\/v2\/media\/5940042"}],"wp:attachment":[{"href":"https:\/\/stoic-curie.212-227-153-4.plesk.page\/de\/wp-json\/wp\/v2\/media?parent=3408913"}],"wp:term":[{"taxonomy":"product_brand","embeddable":true,"href":"https:\/\/stoic-curie.212-227-153-4.plesk.page\/de\/wp-json\/wp\/v2\/product_brand?post=3408913"},{"taxonomy":"product_cat","embeddable":true,"href":"https:\/\/stoic-curie.212-227-153-4.plesk.page\/de\/wp-json\/wp\/v2\/product_cat?post=3408913"},{"taxonomy":"product_tag","embeddable":true,"href":"https:\/\/stoic-curie.212-227-153-4.plesk.page\/de\/wp-json\/wp\/v2\/product_tag?post=3408913"}],"curies":[{"name":"wp","href":"https:\/\/api.w.org\/{rel}","templated":true}]}}