{"id":3408968,"date":"2025-10-09T22:43:17","date_gmt":"2025-10-10T02:43:17","guid":{"rendered":"https:\/\/stoic-curie.212-227-153-4.plesk.page\/product\/polyform-f1\/"},"modified":"2026-02-24T23:34:52","modified_gmt":"2026-02-24T23:34:52","slug":"polyform-f1","status":"publish","type":"product","link":"https:\/\/stoic-curie.212-227-153-4.plesk.page\/de\/product\/polyform-f1\/","title":{"rendered":"Polyform F1"},"content":{"rendered":"<p>Polyform F1 &#8211; <\/p>\n<p>Polyform F1 (610x145mm), der POLYFORM\u00ae F1 ist ein erstklassiger, schwerer Fender, der aus einer einzigartigen Mischung hochwertiger Materialien gefertigt ist. Dieser Fender verf\u00fcgt \u00fcber gerippte Seil\u00f6ffnungen und ist rotomolded aus langlebigem, flexiblem Vinyl, was ihn wetterbest\u00e4ndig macht.<\/p>\n<p>Die F-Serie Fender werden weltweit f\u00fcr verschiedene Anwendungen eingesetzt, einschlie\u00dflich Vergn\u00fcgungsbooten, Yachten, Arbeitsbooten und Lotsenbooten. Die gr\u00f6\u00dften F-Serie Fender werden sogar von nationalen Marineeinheiten f\u00fcr Schiffe mit einem Gewicht von bis zu 1.500 Tonnen verwendet.<\/p>\n<p><strong>Produktspezifikationen:<\/strong><\/p>\n<ul>\n<li><strong>Artikelnummer:<\/strong> F1<\/li>\n<li><strong>Maximaler Durchmesser:<\/strong> 150 mm<\/li>\n<li><strong>H\u00f6he:<\/strong> 610 mm<\/li>\n<li><strong>Nenngewicht:<\/strong> 1,0 kg<\/li>\n<li><strong>Augendurchmesser f\u00fcr Seilaufnahme:<\/strong> 22 mm<\/li>\n<li><strong>Ventiltyp:<\/strong> V10<\/li>\n<li><strong>Bruttovolumen:<\/strong> 8 L<\/li>\n<\/ul>\n<p><strong>Technische Informationen:<\/strong><\/p>\n<ul>\n<li><strong>Bruchlast f\u00fcr Seilaufnahme:<\/strong> 800 kp<\/li>\n<li><strong>H\u00e4rte des K\u00f6rpermaterials (Shore A):<\/strong> 66<\/li>\n<li><strong>Zugfestigkeit:<\/strong> 13,9 MPa<\/li>\n<li><strong>Dehnung bis zum Bruch:<\/strong> 587%<\/li>\n<li><strong>K\u00e4ltedehnbarkeitstemperatur:<\/strong> -33\u00b0C<\/li>\n<li><strong>Empfohlene H\u00f6chsttemperatur:<\/strong> 40\u00b0C<\/li>\n<li><strong>Maximale Temperatur nicht \u00fcberschreiten:<\/strong> 50\u00b0C<\/li>\n<li><strong> spezifisches Gewicht:<\/strong> 1,17<\/li>\n<\/ul>\n<p>Sowohl der K\u00f6rper als auch die Seilaufnahme bestehen aus PVC, ohne Verwendung von FCKWs und cadmiumfrei. Hergestellt von Polymatic\u00ae<\/p>\n","protected":false},"excerpt":{"rendered":"<p>Polyform F1 &#8211; Polyform F1 (610x145mm), der POLYFORM\u00ae F1 ist ein erstklassiger, schwerer Fender, der aus einer einzigartigen Mischung hochwertiger<\/p>\n","protected":false},"featured_media":5940078,"comment_status":"closed","ping_status":"closed","template":"","meta":[],"product_brand":[3270],"product_cat":[1561],"product_tag":[],"class_list":{"0":"post-3408968","1":"product","2":"type-product","3":"status-publish","4":"has-post-thumbnail","6":"product_brand-polyform-de","7":"product_cat-fender","9":"first","10":"instock","11":"shipping-taxable","12":"purchasable","13":"product-type-simple"},"_links":{"self":[{"href":"https:\/\/stoic-curie.212-227-153-4.plesk.page\/de\/wp-json\/wp\/v2\/product\/3408968","targetHints":{"allow":["GET"]}}],"collection":[{"href":"https:\/\/stoic-curie.212-227-153-4.plesk.page\/de\/wp-json\/wp\/v2\/product"}],"about":[{"href":"https:\/\/stoic-curie.212-227-153-4.plesk.page\/de\/wp-json\/wp\/v2\/types\/product"}],"replies":[{"embeddable":true,"href":"https:\/\/stoic-curie.212-227-153-4.plesk.page\/de\/wp-json\/wp\/v2\/comments?post=3408968"}],"version-history":[{"count":0,"href":"https:\/\/stoic-curie.212-227-153-4.plesk.page\/de\/wp-json\/wp\/v2\/product\/3408968\/revisions"}],"wp:featuredmedia":[{"embeddable":true,"href":"https:\/\/stoic-curie.212-227-153-4.plesk.page\/de\/wp-json\/wp\/v2\/media\/5940078"}],"wp:attachment":[{"href":"https:\/\/stoic-curie.212-227-153-4.plesk.page\/de\/wp-json\/wp\/v2\/media?parent=3408968"}],"wp:term":[{"taxonomy":"product_brand","embeddable":true,"href":"https:\/\/stoic-curie.212-227-153-4.plesk.page\/de\/wp-json\/wp\/v2\/product_brand?post=3408968"},{"taxonomy":"product_cat","embeddable":true,"href":"https:\/\/stoic-curie.212-227-153-4.plesk.page\/de\/wp-json\/wp\/v2\/product_cat?post=3408968"},{"taxonomy":"product_tag","embeddable":true,"href":"https:\/\/stoic-curie.212-227-153-4.plesk.page\/de\/wp-json\/wp\/v2\/product_tag?post=3408968"}],"curies":[{"name":"wp","href":"https:\/\/api.w.org\/{rel}","templated":true}]}}