{"id":3408976,"date":"2025-10-09T22:43:17","date_gmt":"2025-10-10T02:43:17","guid":{"rendered":"https:\/\/stoic-curie.212-227-153-4.plesk.page\/product\/polyform-f2\/"},"modified":"2026-02-24T23:34:52","modified_gmt":"2026-02-24T23:34:52","slug":"polyform-f2","status":"publish","type":"product","link":"https:\/\/stoic-curie.212-227-153-4.plesk.page\/de\/product\/polyform-f2\/","title":{"rendered":"Polyform F2"},"content":{"rendered":"<p>Polyform F2 &#8211; <\/p>\n<p>Polyform F2 (610x220mm), Der POLYFORM\u00ae F2 ist ein hochwertiger, nahtloser, strapazierf\u00e4higer Fender mit einem robusten, vorgefertigten Spritzguss-Seilgriff. Der Fender und sein verst\u00e4rkter Seilgriff sind mit unserer patentierten POLYMATIQ-Technologie integriert. Hergestellt aus einer einzigartigen Mischung aus hochwertigem, flexiblem Vinyl sind die F-Serie Fender daf\u00fcr konzipiert, allen Wetterbedingungen standzuhalten. Diese Fender werden weltweit f\u00fcr verschiedene Anwendungen eingesetzt, darunter Freizeitboote, Yachten, Arbeitsboote und Lotsenboote. Die gr\u00f6\u00dften Fender der F-Serie werden sogar von nationalen Marinen f\u00fcr Schiffe mit einem Gewicht von bis zu 1.500 Tonnen verwendet.<\/p>\n<p><strong>Produkt Spezifikationen:<\/strong><\/p>\n<ul>\n<li>Artikelnummer: F2<\/li>\n<li>Maximaler Durchmesser: 220 mm<\/li>\n<li>Maximale H\u00f6he: 610 mm<\/li>\n<li>Nettogewicht: 1,75 kg<\/li>\n<li>Augen\u00f6ffnung f\u00fcr Seilgriff: 28 mm<\/li>\n<li>Ventiltyp: V10<\/li>\n<li>Brutto Volumen: 16 L<\/li>\n<\/ul>\n<p><strong>Technische Informationen:<\/strong><\/p>\n<ul>\n<li>Bruchlast f\u00fcr Seilgriff: 1400 kp<\/li>\n<li>Materialh\u00e4rte des K\u00f6rpers: Shore A 66<\/li>\n<li>Zugfestigkeit: 13,9 MPa<\/li>\n<li>Dehnung bei Bruch: 587%<\/li>\n<li>K\u00e4lteflextemperatur: -33\u00b0C<\/li>\n<li>Empfohlene maximale Temperatur: 40\u00b0C<\/li>\n<li>Maximale Temperatur: 50\u00b0C<\/li>\n<li>Spezifisches Gewicht: 1,17<\/li>\n<\/ul>\n<p>Sowohl der K\u00f6rper als auch der Seilgriff sind aus PVC gefertigt, garantiert ohne Verwendung von FCKW und cadmiumfrei. Hergestellt von Polymatic\u00ae<\/p>\n","protected":false},"excerpt":{"rendered":"<p>Polyform F2 &#8211; Polyform F2 (610x220mm), Der POLYFORM\u00ae F2 ist ein hochwertiger, nahtloser, strapazierf\u00e4higer Fender mit einem robusten, vorgefertigten Spritzguss-Seilgriff.<\/p>\n","protected":false},"featured_media":5940078,"comment_status":"closed","ping_status":"closed","template":"","meta":[],"product_brand":[3270],"product_cat":[1561],"product_tag":[],"class_list":{"0":"post-3408976","1":"product","2":"type-product","3":"status-publish","4":"has-post-thumbnail","6":"product_brand-polyform-de","7":"product_cat-fender","9":"first","10":"instock","11":"shipping-taxable","12":"purchasable","13":"product-type-simple"},"_links":{"self":[{"href":"https:\/\/stoic-curie.212-227-153-4.plesk.page\/de\/wp-json\/wp\/v2\/product\/3408976","targetHints":{"allow":["GET"]}}],"collection":[{"href":"https:\/\/stoic-curie.212-227-153-4.plesk.page\/de\/wp-json\/wp\/v2\/product"}],"about":[{"href":"https:\/\/stoic-curie.212-227-153-4.plesk.page\/de\/wp-json\/wp\/v2\/types\/product"}],"replies":[{"embeddable":true,"href":"https:\/\/stoic-curie.212-227-153-4.plesk.page\/de\/wp-json\/wp\/v2\/comments?post=3408976"}],"version-history":[{"count":0,"href":"https:\/\/stoic-curie.212-227-153-4.plesk.page\/de\/wp-json\/wp\/v2\/product\/3408976\/revisions"}],"wp:featuredmedia":[{"embeddable":true,"href":"https:\/\/stoic-curie.212-227-153-4.plesk.page\/de\/wp-json\/wp\/v2\/media\/5940078"}],"wp:attachment":[{"href":"https:\/\/stoic-curie.212-227-153-4.plesk.page\/de\/wp-json\/wp\/v2\/media?parent=3408976"}],"wp:term":[{"taxonomy":"product_brand","embeddable":true,"href":"https:\/\/stoic-curie.212-227-153-4.plesk.page\/de\/wp-json\/wp\/v2\/product_brand?post=3408976"},{"taxonomy":"product_cat","embeddable":true,"href":"https:\/\/stoic-curie.212-227-153-4.plesk.page\/de\/wp-json\/wp\/v2\/product_cat?post=3408976"},{"taxonomy":"product_tag","embeddable":true,"href":"https:\/\/stoic-curie.212-227-153-4.plesk.page\/de\/wp-json\/wp\/v2\/product_tag?post=3408976"}],"curies":[{"name":"wp","href":"https:\/\/api.w.org\/{rel}","templated":true}]}}