{"id":3409108,"date":"2025-10-09T22:43:22","date_gmt":"2025-10-10T02:43:22","guid":{"rendered":"https:\/\/stoic-curie.212-227-153-4.plesk.page\/product\/flacher-blauer-fender-490x180x50mm\/"},"modified":"2026-02-24T23:34:52","modified_gmt":"2026-02-24T23:34:52","slug":"flacher-blauer-fender-490x180x50mm","status":"publish","type":"product","link":"https:\/\/stoic-curie.212-227-153-4.plesk.page\/de\/product\/flacher-blauer-fender-490x180x50mm\/","title":{"rendered":"Flacher blauer Fender 490x180x50mm"},"content":{"rendered":"<p>Flacher blauer Fender 490x180x50mm &#8211; <\/p>\n<p>Hochresistente E.V.A. geschlossene Zellen weiche Schaumstoff-Fl\u00e4chenmodulfender. Einfache Lagerung dank der flachen Form, sie werden verwendet, wenn nicht genug Platz zwischen zwei Booten vorhanden ist. Leicht zusammenzuf\u00fcgen, um eine Schutzbarriere zu schaffen. Mit 4 L\u00f6chern f\u00fcr die Leine und 2 L\u00f6chern f\u00fcr den Gurt. 2,40 m Leine enthalten.<\/p>\n","protected":false},"excerpt":{"rendered":"<p>Flacher blauer Fender 490x180x50mm &#8211; Hochresistente E.V.A. geschlossene Zellen weiche Schaumstoff-Fl\u00e4chenmodulfender. Einfache Lagerung dank der flachen Form, sie werden verwendet,<\/p>\n","protected":false},"featured_media":5940116,"comment_status":"closed","ping_status":"closed","template":"","meta":[],"product_brand":[3090],"product_cat":[1562,1561],"product_tag":[],"class_list":{"0":"post-3409108","1":"product","2":"type-product","3":"status-publish","4":"has-post-thumbnail","6":"product_brand-majoni-de","7":"product_cat-anlegestossdaempfer","8":"product_cat-fender","10":"first","11":"instock","12":"shipping-taxable","13":"purchasable","14":"product-type-simple"},"_links":{"self":[{"href":"https:\/\/stoic-curie.212-227-153-4.plesk.page\/de\/wp-json\/wp\/v2\/product\/3409108","targetHints":{"allow":["GET"]}}],"collection":[{"href":"https:\/\/stoic-curie.212-227-153-4.plesk.page\/de\/wp-json\/wp\/v2\/product"}],"about":[{"href":"https:\/\/stoic-curie.212-227-153-4.plesk.page\/de\/wp-json\/wp\/v2\/types\/product"}],"replies":[{"embeddable":true,"href":"https:\/\/stoic-curie.212-227-153-4.plesk.page\/de\/wp-json\/wp\/v2\/comments?post=3409108"}],"version-history":[{"count":0,"href":"https:\/\/stoic-curie.212-227-153-4.plesk.page\/de\/wp-json\/wp\/v2\/product\/3409108\/revisions"}],"wp:featuredmedia":[{"embeddable":true,"href":"https:\/\/stoic-curie.212-227-153-4.plesk.page\/de\/wp-json\/wp\/v2\/media\/5940116"}],"wp:attachment":[{"href":"https:\/\/stoic-curie.212-227-153-4.plesk.page\/de\/wp-json\/wp\/v2\/media?parent=3409108"}],"wp:term":[{"taxonomy":"product_brand","embeddable":true,"href":"https:\/\/stoic-curie.212-227-153-4.plesk.page\/de\/wp-json\/wp\/v2\/product_brand?post=3409108"},{"taxonomy":"product_cat","embeddable":true,"href":"https:\/\/stoic-curie.212-227-153-4.plesk.page\/de\/wp-json\/wp\/v2\/product_cat?post=3409108"},{"taxonomy":"product_tag","embeddable":true,"href":"https:\/\/stoic-curie.212-227-153-4.plesk.page\/de\/wp-json\/wp\/v2\/product_tag?post=3409108"}],"curies":[{"name":"wp","href":"https:\/\/api.w.org\/{rel}","templated":true}]}}