{"id":3409138,"date":"2025-10-09T22:43:23","date_gmt":"2025-10-10T02:43:23","guid":{"rendered":"https:\/\/stoic-curie.212-227-153-4.plesk.page\/product\/nawa-schwenkverbinder-30mm\/"},"modified":"2026-02-24T23:34:52","modified_gmt":"2026-02-24T23:34:52","slug":"nawa-schwenkverbinder-30mm","status":"publish","type":"product","link":"https:\/\/stoic-curie.212-227-153-4.plesk.page\/de\/product\/nawa-schwenkverbinder-30mm\/","title":{"rendered":"Nawa Schwenkverbinder 30mm"},"content":{"rendered":"<p>Nawa Schwenkverbinder 30mm &#8211; <\/p>\n<p>Die NAWA modularen Fenderhalter bestehen aus hochwertigem, elektropoliertem 316 Edelstahl. Die vielseitigste L\u00f6sung f\u00fcr die Fenderlagerung mit patentierten Verbindern, die es erm\u00f6glichen, die K\u00f6rbe in jeder Kombination an jedem Gel\u00e4nder zu befestigen. F\u00fcr die Installation ben\u00f6tigen Sie lediglich einen Schraubendreher, einen oder mehrere K\u00f6rbe und einen oder mehrere schwenkbare oder parallele Verbinder. Der schwenkbare Verbinder ist eine Klemmenh\u00fclse f\u00fcr Rohrleitungen mit einem Durchmesser von 22, 25, 30 oder 32 mm. Der parallele Verbinder verbindet mehrere K\u00f6rbe miteinander.<\/p>\n","protected":false},"excerpt":{"rendered":"<p>Nawa Schwenkverbinder 30mm &#8211; Die NAWA modularen Fenderhalter bestehen aus hochwertigem, elektropoliertem 316 Edelstahl. Die vielseitigste L\u00f6sung f\u00fcr die Fenderlagerung<\/p>\n","protected":false},"featured_media":5940130,"comment_status":"closed","ping_status":"closed","template":"","meta":[],"product_brand":[3180],"product_cat":[1560],"product_tag":[],"class_list":{"0":"post-3409138","1":"product","2":"type-product","3":"status-publish","4":"has-post-thumbnail","6":"product_brand-nawa-de","7":"product_cat-fender-zubehoer","9":"first","10":"instock","11":"shipping-taxable","12":"purchasable","13":"product-type-simple"},"_links":{"self":[{"href":"https:\/\/stoic-curie.212-227-153-4.plesk.page\/de\/wp-json\/wp\/v2\/product\/3409138","targetHints":{"allow":["GET"]}}],"collection":[{"href":"https:\/\/stoic-curie.212-227-153-4.plesk.page\/de\/wp-json\/wp\/v2\/product"}],"about":[{"href":"https:\/\/stoic-curie.212-227-153-4.plesk.page\/de\/wp-json\/wp\/v2\/types\/product"}],"replies":[{"embeddable":true,"href":"https:\/\/stoic-curie.212-227-153-4.plesk.page\/de\/wp-json\/wp\/v2\/comments?post=3409138"}],"version-history":[{"count":0,"href":"https:\/\/stoic-curie.212-227-153-4.plesk.page\/de\/wp-json\/wp\/v2\/product\/3409138\/revisions"}],"wp:featuredmedia":[{"embeddable":true,"href":"https:\/\/stoic-curie.212-227-153-4.plesk.page\/de\/wp-json\/wp\/v2\/media\/5940130"}],"wp:attachment":[{"href":"https:\/\/stoic-curie.212-227-153-4.plesk.page\/de\/wp-json\/wp\/v2\/media?parent=3409138"}],"wp:term":[{"taxonomy":"product_brand","embeddable":true,"href":"https:\/\/stoic-curie.212-227-153-4.plesk.page\/de\/wp-json\/wp\/v2\/product_brand?post=3409138"},{"taxonomy":"product_cat","embeddable":true,"href":"https:\/\/stoic-curie.212-227-153-4.plesk.page\/de\/wp-json\/wp\/v2\/product_cat?post=3409138"},{"taxonomy":"product_tag","embeddable":true,"href":"https:\/\/stoic-curie.212-227-153-4.plesk.page\/de\/wp-json\/wp\/v2\/product_tag?post=3409138"}],"curies":[{"name":"wp","href":"https:\/\/api.w.org\/{rel}","templated":true}]}}