{"id":3409146,"date":"2025-10-09T22:43:23","date_gmt":"2025-10-10T02:43:23","guid":{"rendered":"https:\/\/stoic-curie.212-227-153-4.plesk.page\/product\/nawa-korb-parallelverbinder\/"},"modified":"2026-02-24T23:34:52","modified_gmt":"2026-02-24T23:34:52","slug":"nawa-korb-parallelverbinder","status":"publish","type":"product","link":"https:\/\/stoic-curie.212-227-153-4.plesk.page\/de\/product\/nawa-korb-parallelverbinder\/","title":{"rendered":"Nawa Korb Parallelverbinder"},"content":{"rendered":"<p>Nawa Korb Parallelverbinder &#8211; <\/p>\n<p>Die NAWA modularen Fenderhalter bestehen aus hochwertigem, elektropoliertem 316-Edelstahl. Die vielseitigste L\u00f6sung zur Aufbewahrung von Fendern mit patentierten Verbindern, die es erm\u00f6glichen, die K\u00f6rbe an jedem Gel\u00e4nder in jeder beliebigen Kombination zu befestigen. F\u00fcr die Installation ben\u00f6tigen Sie nur einen Schraubendreher, einen oder mehrere K\u00f6rbe und einen oder mehrere drehbare oder parallele Verbinder. Der drehbare Verbinder ist eine 22, 25, 30 oder 32 mm Rohrschelle f\u00fcr das Gel\u00e4nder. Der parallele Verbinder verbindet mehrere K\u00f6rbe miteinander.<\/p>\n","protected":false},"excerpt":{"rendered":"<p>Nawa Korb Parallelverbinder &#8211; Die NAWA modularen Fenderhalter bestehen aus hochwertigem, elektropoliertem 316-Edelstahl. Die vielseitigste L\u00f6sung zur Aufbewahrung von Fendern<\/p>\n","protected":false},"featured_media":5940134,"comment_status":"closed","ping_status":"closed","template":"","meta":[],"product_brand":[3180],"product_cat":[1560],"product_tag":[],"class_list":{"0":"post-3409146","1":"product","2":"type-product","3":"status-publish","4":"has-post-thumbnail","6":"product_brand-nawa-de","7":"product_cat-fender-zubehoer","9":"first","10":"instock","11":"shipping-taxable","12":"purchasable","13":"product-type-simple"},"_links":{"self":[{"href":"https:\/\/stoic-curie.212-227-153-4.plesk.page\/de\/wp-json\/wp\/v2\/product\/3409146","targetHints":{"allow":["GET"]}}],"collection":[{"href":"https:\/\/stoic-curie.212-227-153-4.plesk.page\/de\/wp-json\/wp\/v2\/product"}],"about":[{"href":"https:\/\/stoic-curie.212-227-153-4.plesk.page\/de\/wp-json\/wp\/v2\/types\/product"}],"replies":[{"embeddable":true,"href":"https:\/\/stoic-curie.212-227-153-4.plesk.page\/de\/wp-json\/wp\/v2\/comments?post=3409146"}],"version-history":[{"count":0,"href":"https:\/\/stoic-curie.212-227-153-4.plesk.page\/de\/wp-json\/wp\/v2\/product\/3409146\/revisions"}],"wp:featuredmedia":[{"embeddable":true,"href":"https:\/\/stoic-curie.212-227-153-4.plesk.page\/de\/wp-json\/wp\/v2\/media\/5940134"}],"wp:attachment":[{"href":"https:\/\/stoic-curie.212-227-153-4.plesk.page\/de\/wp-json\/wp\/v2\/media?parent=3409146"}],"wp:term":[{"taxonomy":"product_brand","embeddable":true,"href":"https:\/\/stoic-curie.212-227-153-4.plesk.page\/de\/wp-json\/wp\/v2\/product_brand?post=3409146"},{"taxonomy":"product_cat","embeddable":true,"href":"https:\/\/stoic-curie.212-227-153-4.plesk.page\/de\/wp-json\/wp\/v2\/product_cat?post=3409146"},{"taxonomy":"product_tag","embeddable":true,"href":"https:\/\/stoic-curie.212-227-153-4.plesk.page\/de\/wp-json\/wp\/v2\/product_tag?post=3409146"}],"curies":[{"name":"wp","href":"https:\/\/api.w.org\/{rel}","templated":true}]}}