{"id":3409226,"date":"2025-10-09T22:43:26","date_gmt":"2025-10-10T02:43:26","guid":{"rendered":"https:\/\/stoic-curie.212-227-153-4.plesk.page\/product\/rub-rail-fendering-profil-h37-aluminium\/"},"modified":"2026-02-24T23:34:52","modified_gmt":"2026-02-24T23:34:52","slug":"rub-rail-fendering-profil-h37-aluminium","status":"publish","type":"product","link":"https:\/\/stoic-curie.212-227-153-4.plesk.page\/de\/product\/rub-rail-fendering-profil-h37-aluminium\/","title":{"rendered":"Rub Rail Fendering Profil H37 Aluminium"},"content":{"rendered":"<p>Rub Rail Fendering Profil H37 Aluminium &#8211; <\/p>\n<p>Fenderprofil mit anodisiertem Aluminium-Sto\u00dfschutz. Der Aluminium-Sto\u00dfschutz ist in 4-Meter-Stangen erh\u00e4ltlich und muss in der gew\u00fcnschten H\u00f6he (H mm) ausgew\u00e4hlt werden. Der schwarze oder wei\u00dfe PVC-Einsatz ist in Packungen von 12, 16 und 24 Metern erh\u00e4ltlich.<\/p>\n","protected":false},"excerpt":{"rendered":"<p>Rub Rail Fendering Profil H37 Aluminium &#8211; Fenderprofil mit anodisiertem Aluminium-Sto\u00dfschutz. Der Aluminium-Sto\u00dfschutz ist in 4-Meter-Stangen erh\u00e4ltlich und muss in<\/p>\n","protected":false},"featured_media":5940140,"comment_status":"closed","ping_status":"closed","template":"","meta":[],"product_brand":[3480],"product_cat":[1565],"product_tag":[],"class_list":{"0":"post-3409226","1":"product","2":"type-product","3":"status-publish","4":"has-post-thumbnail","6":"product_brand-tessilmare-de","7":"product_cat-fender-profile","9":"first","10":"instock","11":"shipping-taxable","12":"purchasable","13":"product-type-simple"},"_links":{"self":[{"href":"https:\/\/stoic-curie.212-227-153-4.plesk.page\/de\/wp-json\/wp\/v2\/product\/3409226","targetHints":{"allow":["GET"]}}],"collection":[{"href":"https:\/\/stoic-curie.212-227-153-4.plesk.page\/de\/wp-json\/wp\/v2\/product"}],"about":[{"href":"https:\/\/stoic-curie.212-227-153-4.plesk.page\/de\/wp-json\/wp\/v2\/types\/product"}],"replies":[{"embeddable":true,"href":"https:\/\/stoic-curie.212-227-153-4.plesk.page\/de\/wp-json\/wp\/v2\/comments?post=3409226"}],"version-history":[{"count":0,"href":"https:\/\/stoic-curie.212-227-153-4.plesk.page\/de\/wp-json\/wp\/v2\/product\/3409226\/revisions"}],"wp:featuredmedia":[{"embeddable":true,"href":"https:\/\/stoic-curie.212-227-153-4.plesk.page\/de\/wp-json\/wp\/v2\/media\/5940140"}],"wp:attachment":[{"href":"https:\/\/stoic-curie.212-227-153-4.plesk.page\/de\/wp-json\/wp\/v2\/media?parent=3409226"}],"wp:term":[{"taxonomy":"product_brand","embeddable":true,"href":"https:\/\/stoic-curie.212-227-153-4.plesk.page\/de\/wp-json\/wp\/v2\/product_brand?post=3409226"},{"taxonomy":"product_cat","embeddable":true,"href":"https:\/\/stoic-curie.212-227-153-4.plesk.page\/de\/wp-json\/wp\/v2\/product_cat?post=3409226"},{"taxonomy":"product_tag","embeddable":true,"href":"https:\/\/stoic-curie.212-227-153-4.plesk.page\/de\/wp-json\/wp\/v2\/product_tag?post=3409226"}],"curies":[{"name":"wp","href":"https:\/\/api.w.org\/{rel}","templated":true}]}}