{"id":3409228,"date":"2025-10-09T22:43:26","date_gmt":"2025-10-10T02:43:26","guid":{"rendered":"https:\/\/stoic-curie.212-227-153-4.plesk.page\/product\/schwarzer-kunststoffendkappe-fuer-fenderprofil-h37\/"},"modified":"2026-02-24T23:34:52","modified_gmt":"2026-02-24T23:34:52","slug":"schwarzer-kunststoffendkappe-fuer-fenderprofil-h37","status":"publish","type":"product","link":"https:\/\/stoic-curie.212-227-153-4.plesk.page\/de\/product\/schwarzer-kunststoffendkappe-fuer-fenderprofil-h37\/","title":{"rendered":"Schwarzer Kunststoffendkappe f\u00fcr Fenderprofil H37"},"content":{"rendered":"<p>Schwarzer Kunststoffendkappe f\u00fcr Fenderprofil H37 &#8211; <\/p>\n<p>Fenderprofil mit anodisiertem Aluminium-Schutzleiste. Die Aluminium-Schutzleiste ist in 4-Meter-Stangen erh\u00e4ltlich und muss je nach gew\u00fcnschter H\u00f6he (H mm) ausgew\u00e4hlt werden. Der schwarze oder wei\u00dfe PVC-Einsatz ist in Packungen mit 12, 16 und 24 Metern erh\u00e4ltlich.<\/p>\n","protected":false},"excerpt":{"rendered":"<p>Schwarzer Kunststoffendkappe f\u00fcr Fenderprofil H37 &#8211; Fenderprofil mit anodisiertem Aluminium-Schutzleiste. Die Aluminium-Schutzleiste ist in 4-Meter-Stangen erh\u00e4ltlich und muss je nach<\/p>\n","protected":false},"featured_media":5940149,"comment_status":"closed","ping_status":"closed","template":"","meta":[],"product_brand":[3480],"product_cat":[1565],"product_tag":[],"class_list":{"0":"post-3409228","1":"product","2":"type-product","3":"status-publish","4":"has-post-thumbnail","6":"product_brand-tessilmare-de","7":"product_cat-fender-profile","9":"first","10":"instock","11":"shipping-taxable","12":"purchasable","13":"product-type-simple"},"_links":{"self":[{"href":"https:\/\/stoic-curie.212-227-153-4.plesk.page\/de\/wp-json\/wp\/v2\/product\/3409228","targetHints":{"allow":["GET"]}}],"collection":[{"href":"https:\/\/stoic-curie.212-227-153-4.plesk.page\/de\/wp-json\/wp\/v2\/product"}],"about":[{"href":"https:\/\/stoic-curie.212-227-153-4.plesk.page\/de\/wp-json\/wp\/v2\/types\/product"}],"replies":[{"embeddable":true,"href":"https:\/\/stoic-curie.212-227-153-4.plesk.page\/de\/wp-json\/wp\/v2\/comments?post=3409228"}],"version-history":[{"count":0,"href":"https:\/\/stoic-curie.212-227-153-4.plesk.page\/de\/wp-json\/wp\/v2\/product\/3409228\/revisions"}],"wp:featuredmedia":[{"embeddable":true,"href":"https:\/\/stoic-curie.212-227-153-4.plesk.page\/de\/wp-json\/wp\/v2\/media\/5940149"}],"wp:attachment":[{"href":"https:\/\/stoic-curie.212-227-153-4.plesk.page\/de\/wp-json\/wp\/v2\/media?parent=3409228"}],"wp:term":[{"taxonomy":"product_brand","embeddable":true,"href":"https:\/\/stoic-curie.212-227-153-4.plesk.page\/de\/wp-json\/wp\/v2\/product_brand?post=3409228"},{"taxonomy":"product_cat","embeddable":true,"href":"https:\/\/stoic-curie.212-227-153-4.plesk.page\/de\/wp-json\/wp\/v2\/product_cat?post=3409228"},{"taxonomy":"product_tag","embeddable":true,"href":"https:\/\/stoic-curie.212-227-153-4.plesk.page\/de\/wp-json\/wp\/v2\/product_tag?post=3409228"}],"curies":[{"name":"wp","href":"https:\/\/api.w.org\/{rel}","templated":true}]}}