{"id":3409250,"date":"2025-10-09T22:43:27","date_gmt":"2025-10-10T02:43:27","guid":{"rendered":"https:\/\/stoic-curie.212-227-153-4.plesk.page\/product\/weisser-kunststoff-endkappe-fuer-fenderprofil-h37\/"},"modified":"2026-02-24T23:34:52","modified_gmt":"2026-02-24T23:34:52","slug":"weisser-kunststoff-endkappe-fuer-fenderprofil-h37","status":"publish","type":"product","link":"https:\/\/stoic-curie.212-227-153-4.plesk.page\/de\/product\/weisser-kunststoff-endkappe-fuer-fenderprofil-h37\/","title":{"rendered":"Wei\u00dfer Kunststoff Endkappe f\u00fcr Fenderprofil H37"},"content":{"rendered":"<p>Wei\u00dfer Kunststoff Endkappe f\u00fcr Fenderprofil H37 &#8211; <\/p>\n<p>Fenderprofil mit anodisiertem Aluminiumbeschlag. Der Aluminiumbeschlag ist in 4-Meter-Stangen erh\u00e4ltlich und muss je nach gew\u00fcnschter H\u00f6he (H mm) ausgew\u00e4hlt werden. Der PVC-Einsatz in Schwarz oder Wei\u00df ist in Packungen von 12, 16 und 24 Metern verf\u00fcgbar.<\/p>\n","protected":false},"excerpt":{"rendered":"<p>Wei\u00dfer Kunststoff Endkappe f\u00fcr Fenderprofil H37 &#8211; Fenderprofil mit anodisiertem Aluminiumbeschlag. Der Aluminiumbeschlag ist in 4-Meter-Stangen erh\u00e4ltlich und muss je<\/p>\n","protected":false},"featured_media":5940149,"comment_status":"closed","ping_status":"closed","template":"","meta":[],"product_brand":[3480],"product_cat":[1565],"product_tag":[],"class_list":{"0":"post-3409250","1":"product","2":"type-product","3":"status-publish","4":"has-post-thumbnail","6":"product_brand-tessilmare-de","7":"product_cat-fender-profile","9":"first","10":"instock","11":"shipping-taxable","12":"purchasable","13":"product-type-simple"},"_links":{"self":[{"href":"https:\/\/stoic-curie.212-227-153-4.plesk.page\/de\/wp-json\/wp\/v2\/product\/3409250","targetHints":{"allow":["GET"]}}],"collection":[{"href":"https:\/\/stoic-curie.212-227-153-4.plesk.page\/de\/wp-json\/wp\/v2\/product"}],"about":[{"href":"https:\/\/stoic-curie.212-227-153-4.plesk.page\/de\/wp-json\/wp\/v2\/types\/product"}],"replies":[{"embeddable":true,"href":"https:\/\/stoic-curie.212-227-153-4.plesk.page\/de\/wp-json\/wp\/v2\/comments?post=3409250"}],"version-history":[{"count":0,"href":"https:\/\/stoic-curie.212-227-153-4.plesk.page\/de\/wp-json\/wp\/v2\/product\/3409250\/revisions"}],"wp:featuredmedia":[{"embeddable":true,"href":"https:\/\/stoic-curie.212-227-153-4.plesk.page\/de\/wp-json\/wp\/v2\/media\/5940149"}],"wp:attachment":[{"href":"https:\/\/stoic-curie.212-227-153-4.plesk.page\/de\/wp-json\/wp\/v2\/media?parent=3409250"}],"wp:term":[{"taxonomy":"product_brand","embeddable":true,"href":"https:\/\/stoic-curie.212-227-153-4.plesk.page\/de\/wp-json\/wp\/v2\/product_brand?post=3409250"},{"taxonomy":"product_cat","embeddable":true,"href":"https:\/\/stoic-curie.212-227-153-4.plesk.page\/de\/wp-json\/wp\/v2\/product_cat?post=3409250"},{"taxonomy":"product_tag","embeddable":true,"href":"https:\/\/stoic-curie.212-227-153-4.plesk.page\/de\/wp-json\/wp\/v2\/product_tag?post=3409250"}],"curies":[{"name":"wp","href":"https:\/\/api.w.org\/{rel}","templated":true}]}}