{"id":3409254,"date":"2025-10-09T22:43:27","date_gmt":"2025-10-10T02:43:27","guid":{"rendered":"https:\/\/stoic-curie.212-227-153-4.plesk.page\/product\/paar-pvc-abdeckungen-fuer-spannschloesser-380mm\/"},"modified":"2026-02-24T23:34:52","modified_gmt":"2026-02-24T23:34:52","slug":"paar-pvc-abdeckungen-fuer-spannschloesser-380mm","status":"publish","type":"product","link":"https:\/\/stoic-curie.212-227-153-4.plesk.page\/de\/product\/paar-pvc-abdeckungen-fuer-spannschloesser-380mm\/","title":{"rendered":"Paar PVC-Abdeckungen f\u00fcr Spannschl\u00f6sser 380mm"},"content":{"rendered":"<p>Paar PVC-Abdeckungen f\u00fcr Spannschl\u00f6sser 380mm &#8211; <\/p>\n<p>Weiche PVC-Abdeckungen f\u00fcr Riegel-Schrauben. Im Paar verkauft.<\/p>\n","protected":false},"excerpt":{"rendered":"<p>Paar PVC-Abdeckungen f\u00fcr Spannschl\u00f6sser 380mm &#8211; Weiche PVC-Abdeckungen f\u00fcr Riegel-Schrauben. Im Paar verkauft.<\/p>\n","protected":false},"featured_media":5940178,"comment_status":"closed","ping_status":"closed","template":"","meta":[],"product_brand":[3490],"product_cat":[1470],"product_tag":[],"class_list":{"0":"post-3409254","1":"product","2":"type-product","3":"status-publish","4":"has-post-thumbnail","6":"product_brand-trem-de","7":"product_cat-stellbolzen-und-stageneinsteller","9":"first","10":"instock","11":"shipping-taxable","12":"purchasable","13":"product-type-simple"},"_links":{"self":[{"href":"https:\/\/stoic-curie.212-227-153-4.plesk.page\/de\/wp-json\/wp\/v2\/product\/3409254","targetHints":{"allow":["GET"]}}],"collection":[{"href":"https:\/\/stoic-curie.212-227-153-4.plesk.page\/de\/wp-json\/wp\/v2\/product"}],"about":[{"href":"https:\/\/stoic-curie.212-227-153-4.plesk.page\/de\/wp-json\/wp\/v2\/types\/product"}],"replies":[{"embeddable":true,"href":"https:\/\/stoic-curie.212-227-153-4.plesk.page\/de\/wp-json\/wp\/v2\/comments?post=3409254"}],"version-history":[{"count":0,"href":"https:\/\/stoic-curie.212-227-153-4.plesk.page\/de\/wp-json\/wp\/v2\/product\/3409254\/revisions"}],"wp:featuredmedia":[{"embeddable":true,"href":"https:\/\/stoic-curie.212-227-153-4.plesk.page\/de\/wp-json\/wp\/v2\/media\/5940178"}],"wp:attachment":[{"href":"https:\/\/stoic-curie.212-227-153-4.plesk.page\/de\/wp-json\/wp\/v2\/media?parent=3409254"}],"wp:term":[{"taxonomy":"product_brand","embeddable":true,"href":"https:\/\/stoic-curie.212-227-153-4.plesk.page\/de\/wp-json\/wp\/v2\/product_brand?post=3409254"},{"taxonomy":"product_cat","embeddable":true,"href":"https:\/\/stoic-curie.212-227-153-4.plesk.page\/de\/wp-json\/wp\/v2\/product_cat?post=3409254"},{"taxonomy":"product_tag","embeddable":true,"href":"https:\/\/stoic-curie.212-227-153-4.plesk.page\/de\/wp-json\/wp\/v2\/product_tag?post=3409254"}],"curies":[{"name":"wp","href":"https:\/\/api.w.org\/{rel}","templated":true}]}}