{"id":3409293,"date":"2025-10-09T22:43:29","date_gmt":"2025-10-10T02:43:29","guid":{"rendered":"https:\/\/stoic-curie.212-227-153-4.plesk.page\/product\/set-2-stueck-segelschutz-fuer-drahtseile-von-5-bis-10-mm\/"},"modified":"2026-02-24T23:34:52","modified_gmt":"2026-02-24T23:34:52","slug":"set-2-stueck-segelschutz-fuer-drahtseile-von-5-bis-10-mm","status":"publish","type":"product","link":"https:\/\/stoic-curie.212-227-153-4.plesk.page\/de\/product\/set-2-stueck-segelschutz-fuer-drahtseile-von-5-bis-10-mm\/","title":{"rendered":"Set 2 St\u00fcck Segelschutz f\u00fcr Drahtseile von 5 bis 10 mm"},"content":{"rendered":"<p>Set 2 St\u00fcck Segelschutz f\u00fcr Drahtseile von 5 bis 10 mm &#8211; <\/p>\n<p>Save-Segel Chafe-Schutzvorrichtungen. Passt f\u00fcr 5 mm Draht, kann jedoch auf bis zu 10 mm Draht gebohrt werden. Im Paar verkauft.<\/p>\n","protected":false},"excerpt":{"rendered":"<p>Set 2 St\u00fcck Segelschutz f\u00fcr Drahtseile von 5 bis 10 mm &#8211; Save-Segel Chafe-Schutzvorrichtungen. Passt f\u00fcr 5 mm Draht, kann<\/p>\n","protected":false},"featured_media":5940180,"comment_status":"closed","ping_status":"closed","template":"","meta":[],"product_brand":[3490],"product_cat":[1484],"product_tag":[],"class_list":{"0":"post-3409293","1":"product","2":"type-product","3":"status-publish","4":"has-post-thumbnail","6":"product_brand-trem-de","7":"product_cat-zubehoer-fuer-segelboote","9":"first","10":"instock","11":"shipping-taxable","12":"purchasable","13":"product-type-simple"},"_links":{"self":[{"href":"https:\/\/stoic-curie.212-227-153-4.plesk.page\/de\/wp-json\/wp\/v2\/product\/3409293","targetHints":{"allow":["GET"]}}],"collection":[{"href":"https:\/\/stoic-curie.212-227-153-4.plesk.page\/de\/wp-json\/wp\/v2\/product"}],"about":[{"href":"https:\/\/stoic-curie.212-227-153-4.plesk.page\/de\/wp-json\/wp\/v2\/types\/product"}],"replies":[{"embeddable":true,"href":"https:\/\/stoic-curie.212-227-153-4.plesk.page\/de\/wp-json\/wp\/v2\/comments?post=3409293"}],"version-history":[{"count":0,"href":"https:\/\/stoic-curie.212-227-153-4.plesk.page\/de\/wp-json\/wp\/v2\/product\/3409293\/revisions"}],"wp:featuredmedia":[{"embeddable":true,"href":"https:\/\/stoic-curie.212-227-153-4.plesk.page\/de\/wp-json\/wp\/v2\/media\/5940180"}],"wp:attachment":[{"href":"https:\/\/stoic-curie.212-227-153-4.plesk.page\/de\/wp-json\/wp\/v2\/media?parent=3409293"}],"wp:term":[{"taxonomy":"product_brand","embeddable":true,"href":"https:\/\/stoic-curie.212-227-153-4.plesk.page\/de\/wp-json\/wp\/v2\/product_brand?post=3409293"},{"taxonomy":"product_cat","embeddable":true,"href":"https:\/\/stoic-curie.212-227-153-4.plesk.page\/de\/wp-json\/wp\/v2\/product_cat?post=3409293"},{"taxonomy":"product_tag","embeddable":true,"href":"https:\/\/stoic-curie.212-227-153-4.plesk.page\/de\/wp-json\/wp\/v2\/product_tag?post=3409293"}],"curies":[{"name":"wp","href":"https:\/\/api.w.org\/{rel}","templated":true}]}}