{"id":3409367,"date":"2025-10-09T22:43:31","date_gmt":"2025-10-10T02:43:31","guid":{"rendered":"https:\/\/stoic-curie.212-227-153-4.plesk.page\/product\/weisse-luken-285-x-165mm-ohne-schloss\/"},"modified":"2026-02-24T23:34:52","modified_gmt":"2026-02-24T23:34:52","slug":"weisse-luken-285-x-165mm-ohne-schloss","status":"publish","type":"product","link":"https:\/\/stoic-curie.212-227-153-4.plesk.page\/de\/product\/weisse-luken-285-x-165mm-ohne-schloss\/","title":{"rendered":"Wei\u00dfe Luken 285 x 165mm ohne Schloss"},"content":{"rendered":"<p>Wei\u00dfe Luken 285 x 165mm ohne Schloss &#8211; <\/p>\n<p>Wasserdichter Zugang f\u00fcr Funkger\u00e4te oder VHF.<\/p>\n","protected":false},"excerpt":{"rendered":"<p>Wei\u00dfe Luken 285 x 165mm ohne Schloss &#8211; Wasserdichter Zugang f\u00fcr Funkger\u00e4te oder VHF.<\/p>\n","protected":false},"featured_media":5940186,"comment_status":"closed","ping_status":"closed","template":"","meta":[],"product_brand":[2860],"product_cat":[1408],"product_tag":[],"class_list":{"0":"post-3409367","1":"product","2":"type-product","3":"status-publish","4":"has-post-thumbnail","6":"product_brand-ceredi-de","7":"product_cat-kunststoffluken","9":"first","10":"instock","11":"shipping-taxable","12":"purchasable","13":"product-type-simple"},"_links":{"self":[{"href":"https:\/\/stoic-curie.212-227-153-4.plesk.page\/de\/wp-json\/wp\/v2\/product\/3409367","targetHints":{"allow":["GET"]}}],"collection":[{"href":"https:\/\/stoic-curie.212-227-153-4.plesk.page\/de\/wp-json\/wp\/v2\/product"}],"about":[{"href":"https:\/\/stoic-curie.212-227-153-4.plesk.page\/de\/wp-json\/wp\/v2\/types\/product"}],"replies":[{"embeddable":true,"href":"https:\/\/stoic-curie.212-227-153-4.plesk.page\/de\/wp-json\/wp\/v2\/comments?post=3409367"}],"version-history":[{"count":0,"href":"https:\/\/stoic-curie.212-227-153-4.plesk.page\/de\/wp-json\/wp\/v2\/product\/3409367\/revisions"}],"wp:featuredmedia":[{"embeddable":true,"href":"https:\/\/stoic-curie.212-227-153-4.plesk.page\/de\/wp-json\/wp\/v2\/media\/5940186"}],"wp:attachment":[{"href":"https:\/\/stoic-curie.212-227-153-4.plesk.page\/de\/wp-json\/wp\/v2\/media?parent=3409367"}],"wp:term":[{"taxonomy":"product_brand","embeddable":true,"href":"https:\/\/stoic-curie.212-227-153-4.plesk.page\/de\/wp-json\/wp\/v2\/product_brand?post=3409367"},{"taxonomy":"product_cat","embeddable":true,"href":"https:\/\/stoic-curie.212-227-153-4.plesk.page\/de\/wp-json\/wp\/v2\/product_cat?post=3409367"},{"taxonomy":"product_tag","embeddable":true,"href":"https:\/\/stoic-curie.212-227-153-4.plesk.page\/de\/wp-json\/wp\/v2\/product_tag?post=3409367"}],"curies":[{"name":"wp","href":"https:\/\/api.w.org\/{rel}","templated":true}]}}