{"id":3409419,"date":"2025-10-09T22:43:33","date_gmt":"2025-10-10T02:43:33","guid":{"rendered":"https:\/\/stoic-curie.212-227-153-4.plesk.page\/product\/offene-box-fuer-feuerloescher-170-x-420mm\/"},"modified":"2026-02-24T23:34:53","modified_gmt":"2026-02-24T23:34:53","slug":"offene-box-fuer-feuerloescher-170-x-420mm","status":"publish","type":"product","link":"https:\/\/stoic-curie.212-227-153-4.plesk.page\/de\/product\/offene-box-fuer-feuerloescher-170-x-420mm\/","title":{"rendered":"Offene Box f\u00fcr Feuerl\u00f6scher 170 x 420mm"},"content":{"rendered":"<p>Offene Box f\u00fcr Feuerl\u00f6scher 170 x 420mm &#8211; <\/p>\n<p>Standard K\u00fchler aus Kunststoff, 1 kg Feuerl\u00f6schergeh\u00e4use.<\/p>\n","protected":false},"excerpt":{"rendered":"<p>Offene Box f\u00fcr Feuerl\u00f6scher 170 x 420mm &#8211; Standard K\u00fchler aus Kunststoff, 1 kg Feuerl\u00f6schergeh\u00e4use.<\/p>\n","protected":false},"featured_media":5940211,"comment_status":"closed","ping_status":"closed","template":"","meta":[],"product_brand":[2860],"product_cat":[1313],"product_tag":[],"class_list":{"0":"post-3409419","1":"product","2":"type-product","3":"status-publish","4":"has-post-thumbnail","6":"product_brand-ceredi-de","7":"product_cat-marine-feuerloescher","9":"first","10":"instock","11":"shipping-taxable","12":"purchasable","13":"product-type-simple"},"_links":{"self":[{"href":"https:\/\/stoic-curie.212-227-153-4.plesk.page\/de\/wp-json\/wp\/v2\/product\/3409419","targetHints":{"allow":["GET"]}}],"collection":[{"href":"https:\/\/stoic-curie.212-227-153-4.plesk.page\/de\/wp-json\/wp\/v2\/product"}],"about":[{"href":"https:\/\/stoic-curie.212-227-153-4.plesk.page\/de\/wp-json\/wp\/v2\/types\/product"}],"replies":[{"embeddable":true,"href":"https:\/\/stoic-curie.212-227-153-4.plesk.page\/de\/wp-json\/wp\/v2\/comments?post=3409419"}],"version-history":[{"count":0,"href":"https:\/\/stoic-curie.212-227-153-4.plesk.page\/de\/wp-json\/wp\/v2\/product\/3409419\/revisions"}],"wp:featuredmedia":[{"embeddable":true,"href":"https:\/\/stoic-curie.212-227-153-4.plesk.page\/de\/wp-json\/wp\/v2\/media\/5940211"}],"wp:attachment":[{"href":"https:\/\/stoic-curie.212-227-153-4.plesk.page\/de\/wp-json\/wp\/v2\/media?parent=3409419"}],"wp:term":[{"taxonomy":"product_brand","embeddable":true,"href":"https:\/\/stoic-curie.212-227-153-4.plesk.page\/de\/wp-json\/wp\/v2\/product_brand?post=3409419"},{"taxonomy":"product_cat","embeddable":true,"href":"https:\/\/stoic-curie.212-227-153-4.plesk.page\/de\/wp-json\/wp\/v2\/product_cat?post=3409419"},{"taxonomy":"product_tag","embeddable":true,"href":"https:\/\/stoic-curie.212-227-153-4.plesk.page\/de\/wp-json\/wp\/v2\/product_tag?post=3409419"}],"curies":[{"name":"wp","href":"https:\/\/api.w.org\/{rel}","templated":true}]}}