{"id":3409482,"date":"2025-10-09T22:43:35","date_gmt":"2025-10-10T02:43:35","guid":{"rendered":"https:\/\/stoic-curie.212-227-153-4.plesk.page\/product\/ersatz-einlass-fuer-eltex-treibstofftanks\/"},"modified":"2026-02-24T23:34:53","modified_gmt":"2026-02-24T23:34:53","slug":"ersatz-einlass-fuer-eltex-treibstofftanks","status":"publish","type":"product","link":"https:\/\/stoic-curie.212-227-153-4.plesk.page\/de\/product\/ersatz-einlass-fuer-eltex-treibstofftanks\/","title":{"rendered":"Ersatz-Einlass f\u00fcr Eltex-Treibstofftanks"},"content":{"rendered":"<p>Ersatz-Einlass f\u00fcr Eltex-Treibstofftanks &#8211; <\/p>\n<p>Inspektionsfenster zur festen Installation von Kunststofftanks, bestehend aus: verst\u00e4rktem Nylon-Fenster, gewindekapp mit Bel\u00fcftung, Tauchrohr mit \u00d812 mm Rohr-zu-Schlauch, \u00d817-19 mm Bel\u00fcftung und Verschlussflansch f\u00fcr das Messlochmodul.<\/p>\n","protected":false},"excerpt":{"rendered":"<p>Ersatz-Einlass f\u00fcr Eltex-Treibstofftanks &#8211; Inspektionsfenster zur festen Installation von Kunststofftanks, bestehend aus: verst\u00e4rktem Nylon-Fenster, gewindekapp mit Bel\u00fcftung, Tauchrohr mit \u00d812<\/p>\n","protected":false},"featured_media":5940254,"comment_status":"closed","ping_status":"closed","template":"","meta":[],"product_brand":[2855],"product_cat":[1513],"product_tag":[],"class_list":{"0":"post-3409482","1":"product","2":"type-product","3":"status-publish","4":"has-post-thumbnail","6":"product_brand-can-marine-de","7":"product_cat-kraftstofftanks","9":"first","10":"instock","11":"shipping-taxable","12":"purchasable","13":"product-type-simple"},"_links":{"self":[{"href":"https:\/\/stoic-curie.212-227-153-4.plesk.page\/de\/wp-json\/wp\/v2\/product\/3409482","targetHints":{"allow":["GET"]}}],"collection":[{"href":"https:\/\/stoic-curie.212-227-153-4.plesk.page\/de\/wp-json\/wp\/v2\/product"}],"about":[{"href":"https:\/\/stoic-curie.212-227-153-4.plesk.page\/de\/wp-json\/wp\/v2\/types\/product"}],"replies":[{"embeddable":true,"href":"https:\/\/stoic-curie.212-227-153-4.plesk.page\/de\/wp-json\/wp\/v2\/comments?post=3409482"}],"version-history":[{"count":0,"href":"https:\/\/stoic-curie.212-227-153-4.plesk.page\/de\/wp-json\/wp\/v2\/product\/3409482\/revisions"}],"wp:featuredmedia":[{"embeddable":true,"href":"https:\/\/stoic-curie.212-227-153-4.plesk.page\/de\/wp-json\/wp\/v2\/media\/5940254"}],"wp:attachment":[{"href":"https:\/\/stoic-curie.212-227-153-4.plesk.page\/de\/wp-json\/wp\/v2\/media?parent=3409482"}],"wp:term":[{"taxonomy":"product_brand","embeddable":true,"href":"https:\/\/stoic-curie.212-227-153-4.plesk.page\/de\/wp-json\/wp\/v2\/product_brand?post=3409482"},{"taxonomy":"product_cat","embeddable":true,"href":"https:\/\/stoic-curie.212-227-153-4.plesk.page\/de\/wp-json\/wp\/v2\/product_cat?post=3409482"},{"taxonomy":"product_tag","embeddable":true,"href":"https:\/\/stoic-curie.212-227-153-4.plesk.page\/de\/wp-json\/wp\/v2\/product_tag?post=3409482"}],"curies":[{"name":"wp","href":"https:\/\/api.w.org\/{rel}","templated":true}]}}