{"id":3409498,"date":"2025-10-09T22:43:36","date_gmt":"2025-10-10T02:43:36","guid":{"rendered":"https:\/\/stoic-curie.212-227-153-4.plesk.page\/product\/universelle-kunststoffstuetze-fuer-rettungsinseln-und-tanks\/"},"modified":"2026-02-24T23:34:53","modified_gmt":"2026-02-24T23:34:53","slug":"universelle-kunststoffstuetze-fuer-rettungsinseln-und-tanks","status":"publish","type":"product","link":"https:\/\/stoic-curie.212-227-153-4.plesk.page\/de\/product\/universelle-kunststoffstuetze-fuer-rettungsinseln-und-tanks\/","title":{"rendered":"Universelle Kunststoffst\u00fctze f\u00fcr Rettungsinseln und Tanks"},"content":{"rendered":"<p>Universelle Kunststoffst\u00fctze f\u00fcr Rettungsinseln und Tanks &#8211; <\/p>\n<p>Verzurrplatten f\u00fcr gro\u00dfe Tanks, Rettungsinseln und Tauchtanks. 4 Basen 65&#215;110 mm mit einem Radstand von 28 mm, einzelne Gurtl\u00e4ngen von 2&#215;2,5 Metern.<\/p>\n","protected":false},"excerpt":{"rendered":"<p>Universelle Kunststoffst\u00fctze f\u00fcr Rettungsinseln und Tanks &#8211; Verzurrplatten f\u00fcr gro\u00dfe Tanks, Rettungsinseln und Tauchtanks. 4 Basen 65&#215;110 mm mit einem<\/p>\n","protected":false},"featured_media":5940264,"comment_status":"closed","ping_status":"closed","template":"","meta":[],"product_brand":[2855],"product_cat":[1513,1320,1377],"product_tag":[],"class_list":{"0":"post-3409498","1":"product","2":"type-product","3":"status-publish","4":"has-post-thumbnail","6":"product_brand-can-marine-de","7":"product_cat-kraftstofftanks","8":"product_cat-rettungsinseln","9":"product_cat-wassertanks","11":"first","12":"instock","13":"shipping-taxable","14":"purchasable","15":"product-type-simple"},"_links":{"self":[{"href":"https:\/\/stoic-curie.212-227-153-4.plesk.page\/de\/wp-json\/wp\/v2\/product\/3409498","targetHints":{"allow":["GET"]}}],"collection":[{"href":"https:\/\/stoic-curie.212-227-153-4.plesk.page\/de\/wp-json\/wp\/v2\/product"}],"about":[{"href":"https:\/\/stoic-curie.212-227-153-4.plesk.page\/de\/wp-json\/wp\/v2\/types\/product"}],"replies":[{"embeddable":true,"href":"https:\/\/stoic-curie.212-227-153-4.plesk.page\/de\/wp-json\/wp\/v2\/comments?post=3409498"}],"version-history":[{"count":0,"href":"https:\/\/stoic-curie.212-227-153-4.plesk.page\/de\/wp-json\/wp\/v2\/product\/3409498\/revisions"}],"wp:featuredmedia":[{"embeddable":true,"href":"https:\/\/stoic-curie.212-227-153-4.plesk.page\/de\/wp-json\/wp\/v2\/media\/5940264"}],"wp:attachment":[{"href":"https:\/\/stoic-curie.212-227-153-4.plesk.page\/de\/wp-json\/wp\/v2\/media?parent=3409498"}],"wp:term":[{"taxonomy":"product_brand","embeddable":true,"href":"https:\/\/stoic-curie.212-227-153-4.plesk.page\/de\/wp-json\/wp\/v2\/product_brand?post=3409498"},{"taxonomy":"product_cat","embeddable":true,"href":"https:\/\/stoic-curie.212-227-153-4.plesk.page\/de\/wp-json\/wp\/v2\/product_cat?post=3409498"},{"taxonomy":"product_tag","embeddable":true,"href":"https:\/\/stoic-curie.212-227-153-4.plesk.page\/de\/wp-json\/wp\/v2\/product_tag?post=3409498"}],"curies":[{"name":"wp","href":"https:\/\/api.w.org\/{rel}","templated":true}]}}