{"id":3409564,"date":"2025-10-09T22:43:38","date_gmt":"2025-10-10T02:43:38","guid":{"rendered":"https:\/\/stoic-curie.212-227-153-4.plesk.page\/product\/kraftstoffleitung-210-m-fuer-honda-aussenborder\/"},"modified":"2026-02-24T23:34:53","modified_gmt":"2026-02-24T23:34:53","slug":"kraftstoffleitung-210-m-fuer-honda-aussenborder","status":"publish","type":"product","link":"https:\/\/stoic-curie.212-227-153-4.plesk.page\/de\/product\/kraftstoffleitung-210-m-fuer-honda-aussenborder\/","title":{"rendered":"Kraftstoffleitung 2,10 m f\u00fcr Honda-Au\u00dfenborder"},"content":{"rendered":"<p>Kraftstoffleitung 2,10 m f\u00fcr Honda-Au\u00dfenborder &#8211; <\/p>\n<p>Graue Kraftstoffleitung mit Primerpumpe und Honda-Anschl\u00fcssen.<\/p>\n","protected":false},"excerpt":{"rendered":"<p>Kraftstoffleitung 2,10 m f\u00fcr Honda-Au\u00dfenborder &#8211; Graue Kraftstoffleitung mit Primerpumpe und Honda-Anschl\u00fcssen.<\/p>\n","protected":false},"featured_media":5940270,"comment_status":"closed","ping_status":"closed","template":"","meta":[],"product_brand":[3355],"product_cat":[1538,1540],"product_tag":[],"class_list":{"0":"post-3409564","1":"product","2":"type-product","3":"status-publish","4":"has-post-thumbnail","6":"product_brand-seaflow-de","7":"product_cat-marine-ersatzteile-fuer-honda","8":"product_cat-zubehoer-fuer-aussenborder","10":"first","11":"instock","12":"shipping-taxable","13":"purchasable","14":"product-type-simple"},"_links":{"self":[{"href":"https:\/\/stoic-curie.212-227-153-4.plesk.page\/de\/wp-json\/wp\/v2\/product\/3409564","targetHints":{"allow":["GET"]}}],"collection":[{"href":"https:\/\/stoic-curie.212-227-153-4.plesk.page\/de\/wp-json\/wp\/v2\/product"}],"about":[{"href":"https:\/\/stoic-curie.212-227-153-4.plesk.page\/de\/wp-json\/wp\/v2\/types\/product"}],"replies":[{"embeddable":true,"href":"https:\/\/stoic-curie.212-227-153-4.plesk.page\/de\/wp-json\/wp\/v2\/comments?post=3409564"}],"version-history":[{"count":0,"href":"https:\/\/stoic-curie.212-227-153-4.plesk.page\/de\/wp-json\/wp\/v2\/product\/3409564\/revisions"}],"wp:featuredmedia":[{"embeddable":true,"href":"https:\/\/stoic-curie.212-227-153-4.plesk.page\/de\/wp-json\/wp\/v2\/media\/5940270"}],"wp:attachment":[{"href":"https:\/\/stoic-curie.212-227-153-4.plesk.page\/de\/wp-json\/wp\/v2\/media?parent=3409564"}],"wp:term":[{"taxonomy":"product_brand","embeddable":true,"href":"https:\/\/stoic-curie.212-227-153-4.plesk.page\/de\/wp-json\/wp\/v2\/product_brand?post=3409564"},{"taxonomy":"product_cat","embeddable":true,"href":"https:\/\/stoic-curie.212-227-153-4.plesk.page\/de\/wp-json\/wp\/v2\/product_cat?post=3409564"},{"taxonomy":"product_tag","embeddable":true,"href":"https:\/\/stoic-curie.212-227-153-4.plesk.page\/de\/wp-json\/wp\/v2\/product_tag?post=3409564"}],"curies":[{"name":"wp","href":"https:\/\/api.w.org\/{rel}","templated":true}]}}