{"id":3409622,"date":"2025-10-09T22:43:41","date_gmt":"2025-10-10T02:43:41","guid":{"rendered":"https:\/\/stoic-curie.212-227-153-4.plesk.page\/product\/schluessel-fuer-verchromte-messingfuellstutzen\/"},"modified":"2026-02-24T23:34:53","modified_gmt":"2026-02-24T23:34:53","slug":"schluessel-fuer-verchromte-messingfuellstutzen","status":"publish","type":"product","link":"https:\/\/stoic-curie.212-227-153-4.plesk.page\/de\/product\/schluessel-fuer-verchromte-messingfuellstutzen\/","title":{"rendered":"Schl\u00fcssel f\u00fcr verchromte Messingf\u00fcllstutzen"},"content":{"rendered":"<p>Schl\u00fcssel f\u00fcr verchromte Messingf\u00fcllstutzen &#8211; <\/p>\n<p>Verchromte Messingdeckel.<\/p>\n","protected":false},"excerpt":{"rendered":"<p>Schl\u00fcssel f\u00fcr verchromte Messingf\u00fcllstutzen &#8211; Verchromte Messingdeckel.<\/p>\n","protected":false},"featured_media":5940274,"comment_status":"closed","ping_status":"closed","template":"","meta":[],"product_brand":[2945],"product_cat":[1514,1381],"product_tag":[],"class_list":{"0":"post-3409622","1":"product","2":"type-product","3":"status-publish","4":"has-post-thumbnail","6":"product_brand-foresti-suardi-de","7":"product_cat-kraftstoffeinfueller","8":"product_cat-wasserdeckbefuellungen","10":"first","11":"instock","12":"shipping-taxable","13":"purchasable","14":"product-type-simple"},"_links":{"self":[{"href":"https:\/\/stoic-curie.212-227-153-4.plesk.page\/de\/wp-json\/wp\/v2\/product\/3409622","targetHints":{"allow":["GET"]}}],"collection":[{"href":"https:\/\/stoic-curie.212-227-153-4.plesk.page\/de\/wp-json\/wp\/v2\/product"}],"about":[{"href":"https:\/\/stoic-curie.212-227-153-4.plesk.page\/de\/wp-json\/wp\/v2\/types\/product"}],"replies":[{"embeddable":true,"href":"https:\/\/stoic-curie.212-227-153-4.plesk.page\/de\/wp-json\/wp\/v2\/comments?post=3409622"}],"version-history":[{"count":0,"href":"https:\/\/stoic-curie.212-227-153-4.plesk.page\/de\/wp-json\/wp\/v2\/product\/3409622\/revisions"}],"wp:featuredmedia":[{"embeddable":true,"href":"https:\/\/stoic-curie.212-227-153-4.plesk.page\/de\/wp-json\/wp\/v2\/media\/5940274"}],"wp:attachment":[{"href":"https:\/\/stoic-curie.212-227-153-4.plesk.page\/de\/wp-json\/wp\/v2\/media?parent=3409622"}],"wp:term":[{"taxonomy":"product_brand","embeddable":true,"href":"https:\/\/stoic-curie.212-227-153-4.plesk.page\/de\/wp-json\/wp\/v2\/product_brand?post=3409622"},{"taxonomy":"product_cat","embeddable":true,"href":"https:\/\/stoic-curie.212-227-153-4.plesk.page\/de\/wp-json\/wp\/v2\/product_cat?post=3409622"},{"taxonomy":"product_tag","embeddable":true,"href":"https:\/\/stoic-curie.212-227-153-4.plesk.page\/de\/wp-json\/wp\/v2\/product_tag?post=3409622"}],"curies":[{"name":"wp","href":"https:\/\/api.w.org\/{rel}","templated":true}]}}