{"id":3409633,"date":"2025-10-09T22:43:41","date_gmt":"2025-10-10T02:43:41","guid":{"rendered":"https:\/\/stoic-curie.212-227-153-4.plesk.page\/product\/edelstahl-abwasserdeckfuellung-d38-mit-schluessel\/"},"modified":"2026-02-24T23:34:53","modified_gmt":"2026-02-24T23:34:53","slug":"edelstahl-abwasserdeckfuellung-d38-mit-schluessel","status":"publish","type":"product","link":"https:\/\/stoic-curie.212-227-153-4.plesk.page\/de\/product\/edelstahl-abwasserdeckfuellung-d38-mit-schluessel\/","title":{"rendered":"Edelstahl-Abwasserdeckf\u00fcllung D38 mit Schl\u00fcssel"},"content":{"rendered":"<p>Edelstahl-Abwasserdeckf\u00fcllung D38 mit Schl\u00fcssel &#8211; <\/p>\n<p>Deckel f\u00fcr die Edelstahl-Einf\u00fcll\u00f6ffnung mit einem Schl\u00fcsselhebel zum \u00d6ffnen und Schlie\u00dfen.<\/p>\n","protected":false},"excerpt":{"rendered":"<p>Edelstahl-Abwasserdeckf\u00fcllung D38 mit Schl\u00fcssel &#8211; Deckel f\u00fcr die Edelstahl-Einf\u00fcll\u00f6ffnung mit einem Schl\u00fcsselhebel zum \u00d6ffnen und Schlie\u00dfen.<\/p>\n","protected":false},"featured_media":5940276,"comment_status":"closed","ping_status":"closed","template":"","meta":[],"product_brand":[3355],"product_cat":[1362],"product_tag":[],"class_list":{"0":"post-3409633","1":"product","2":"type-product","3":"status-publish","4":"has-post-thumbnail","6":"product_brand-seaflow-de","7":"product_cat-abwassertanks","9":"first","10":"instock","11":"shipping-taxable","12":"purchasable","13":"product-type-simple"},"_links":{"self":[{"href":"https:\/\/stoic-curie.212-227-153-4.plesk.page\/de\/wp-json\/wp\/v2\/product\/3409633","targetHints":{"allow":["GET"]}}],"collection":[{"href":"https:\/\/stoic-curie.212-227-153-4.plesk.page\/de\/wp-json\/wp\/v2\/product"}],"about":[{"href":"https:\/\/stoic-curie.212-227-153-4.plesk.page\/de\/wp-json\/wp\/v2\/types\/product"}],"replies":[{"embeddable":true,"href":"https:\/\/stoic-curie.212-227-153-4.plesk.page\/de\/wp-json\/wp\/v2\/comments?post=3409633"}],"version-history":[{"count":0,"href":"https:\/\/stoic-curie.212-227-153-4.plesk.page\/de\/wp-json\/wp\/v2\/product\/3409633\/revisions"}],"wp:featuredmedia":[{"embeddable":true,"href":"https:\/\/stoic-curie.212-227-153-4.plesk.page\/de\/wp-json\/wp\/v2\/media\/5940276"}],"wp:attachment":[{"href":"https:\/\/stoic-curie.212-227-153-4.plesk.page\/de\/wp-json\/wp\/v2\/media?parent=3409633"}],"wp:term":[{"taxonomy":"product_brand","embeddable":true,"href":"https:\/\/stoic-curie.212-227-153-4.plesk.page\/de\/wp-json\/wp\/v2\/product_brand?post=3409633"},{"taxonomy":"product_cat","embeddable":true,"href":"https:\/\/stoic-curie.212-227-153-4.plesk.page\/de\/wp-json\/wp\/v2\/product_cat?post=3409633"},{"taxonomy":"product_tag","embeddable":true,"href":"https:\/\/stoic-curie.212-227-153-4.plesk.page\/de\/wp-json\/wp\/v2\/product_tag?post=3409633"}],"curies":[{"name":"wp","href":"https:\/\/api.w.org\/{rel}","templated":true}]}}