{"id":3409715,"date":"2025-10-09T22:43:44","date_gmt":"2025-10-10T02:43:44","guid":{"rendered":"https:\/\/stoic-curie.212-227-153-4.plesk.page\/product\/edelstahl-deckenfuellstutzen-fuer-kraftstoff-d38\/"},"modified":"2026-02-24T23:34:53","modified_gmt":"2026-02-24T23:34:53","slug":"edelstahl-deckenfuellstutzen-fuer-kraftstoff-d38","status":"publish","type":"product","link":"https:\/\/stoic-curie.212-227-153-4.plesk.page\/de\/product\/edelstahl-deckenfuellstutzen-fuer-kraftstoff-d38\/","title":{"rendered":"Edelstahl-Deckenf\u00fcllstutzen f\u00fcr Kraftstoff D38"},"content":{"rendered":"<p>Edelstahl-Deckenf\u00fcllstutzen f\u00fcr Kraftstoff D38 &#8211; <\/p>\n<p>Edelstahl-Fl\u00e4chen\u00f6ffnungen f\u00fcr das Deck mit Einf\u00fcllung.<\/p>\n","protected":false},"excerpt":{"rendered":"<p>Edelstahl-Deckenf\u00fcllstutzen f\u00fcr Kraftstoff D38 &#8211; Edelstahl-Fl\u00e4chen\u00f6ffnungen f\u00fcr das Deck mit Einf\u00fcllung.<\/p>\n","protected":false},"featured_media":5940281,"comment_status":"closed","ping_status":"closed","template":"","meta":[],"product_brand":[3120],"product_cat":[1514],"product_tag":[],"class_list":{"0":"post-3409715","1":"product","2":"type-product","3":"status-publish","4":"has-post-thumbnail","6":"product_brand-marinetech-de","7":"product_cat-kraftstoffeinfueller","9":"first","10":"instock","11":"shipping-taxable","12":"purchasable","13":"product-type-simple"},"_links":{"self":[{"href":"https:\/\/stoic-curie.212-227-153-4.plesk.page\/de\/wp-json\/wp\/v2\/product\/3409715","targetHints":{"allow":["GET"]}}],"collection":[{"href":"https:\/\/stoic-curie.212-227-153-4.plesk.page\/de\/wp-json\/wp\/v2\/product"}],"about":[{"href":"https:\/\/stoic-curie.212-227-153-4.plesk.page\/de\/wp-json\/wp\/v2\/types\/product"}],"replies":[{"embeddable":true,"href":"https:\/\/stoic-curie.212-227-153-4.plesk.page\/de\/wp-json\/wp\/v2\/comments?post=3409715"}],"version-history":[{"count":0,"href":"https:\/\/stoic-curie.212-227-153-4.plesk.page\/de\/wp-json\/wp\/v2\/product\/3409715\/revisions"}],"wp:featuredmedia":[{"embeddable":true,"href":"https:\/\/stoic-curie.212-227-153-4.plesk.page\/de\/wp-json\/wp\/v2\/media\/5940281"}],"wp:attachment":[{"href":"https:\/\/stoic-curie.212-227-153-4.plesk.page\/de\/wp-json\/wp\/v2\/media?parent=3409715"}],"wp:term":[{"taxonomy":"product_brand","embeddable":true,"href":"https:\/\/stoic-curie.212-227-153-4.plesk.page\/de\/wp-json\/wp\/v2\/product_brand?post=3409715"},{"taxonomy":"product_cat","embeddable":true,"href":"https:\/\/stoic-curie.212-227-153-4.plesk.page\/de\/wp-json\/wp\/v2\/product_cat?post=3409715"},{"taxonomy":"product_tag","embeddable":true,"href":"https:\/\/stoic-curie.212-227-153-4.plesk.page\/de\/wp-json\/wp\/v2\/product_tag?post=3409715"}],"curies":[{"name":"wp","href":"https:\/\/api.w.org\/{rel}","templated":true}]}}