{"id":3409741,"date":"2025-10-09T22:43:45","date_gmt":"2025-10-10T02:43:45","guid":{"rendered":"https:\/\/stoic-curie.212-227-153-4.plesk.page\/product\/abwasser-deckbefueller-geneigt-45o-fuer-38mm-schlauch\/"},"modified":"2026-02-24T23:34:53","modified_gmt":"2026-02-24T23:34:53","slug":"abwasser-deckbefueller-geneigt-45o-fuer-38mm-schlauch","status":"publish","type":"product","link":"https:\/\/stoic-curie.212-227-153-4.plesk.page\/de\/product\/abwasser-deckbefueller-geneigt-45o-fuer-38mm-schlauch\/","title":{"rendered":"Abwasser-Deckbef\u00fcller geneigt 45\u00ba f\u00fcr 38mm Schlauch"},"content":{"rendered":"<p>Abwasser-Deckbef\u00fcller geneigt 45\u00ba f\u00fcr 38mm Schlauch &#8211; <\/p>\n<p>Winkeliger Tankdeckel aus rostfreiem Stahl f\u00fcr den b\u00fcndigen Einbau.<\/p>\n","protected":false},"excerpt":{"rendered":"<p>Abwasser-Deckbef\u00fcller geneigt 45\u00ba f\u00fcr 38mm Schlauch &#8211; Winkeliger Tankdeckel aus rostfreiem Stahl f\u00fcr den b\u00fcndigen Einbau.<\/p>\n","protected":false},"featured_media":5940283,"comment_status":"closed","ping_status":"closed","template":"","meta":[],"product_brand":[3120],"product_cat":[1362],"product_tag":[],"class_list":{"0":"post-3409741","1":"product","2":"type-product","3":"status-publish","4":"has-post-thumbnail","6":"product_brand-marinetech-de","7":"product_cat-abwassertanks","9":"first","10":"instock","11":"shipping-taxable","12":"purchasable","13":"product-type-simple"},"_links":{"self":[{"href":"https:\/\/stoic-curie.212-227-153-4.plesk.page\/de\/wp-json\/wp\/v2\/product\/3409741","targetHints":{"allow":["GET"]}}],"collection":[{"href":"https:\/\/stoic-curie.212-227-153-4.plesk.page\/de\/wp-json\/wp\/v2\/product"}],"about":[{"href":"https:\/\/stoic-curie.212-227-153-4.plesk.page\/de\/wp-json\/wp\/v2\/types\/product"}],"replies":[{"embeddable":true,"href":"https:\/\/stoic-curie.212-227-153-4.plesk.page\/de\/wp-json\/wp\/v2\/comments?post=3409741"}],"version-history":[{"count":0,"href":"https:\/\/stoic-curie.212-227-153-4.plesk.page\/de\/wp-json\/wp\/v2\/product\/3409741\/revisions"}],"wp:featuredmedia":[{"embeddable":true,"href":"https:\/\/stoic-curie.212-227-153-4.plesk.page\/de\/wp-json\/wp\/v2\/media\/5940283"}],"wp:attachment":[{"href":"https:\/\/stoic-curie.212-227-153-4.plesk.page\/de\/wp-json\/wp\/v2\/media?parent=3409741"}],"wp:term":[{"taxonomy":"product_brand","embeddable":true,"href":"https:\/\/stoic-curie.212-227-153-4.plesk.page\/de\/wp-json\/wp\/v2\/product_brand?post=3409741"},{"taxonomy":"product_cat","embeddable":true,"href":"https:\/\/stoic-curie.212-227-153-4.plesk.page\/de\/wp-json\/wp\/v2\/product_cat?post=3409741"},{"taxonomy":"product_tag","embeddable":true,"href":"https:\/\/stoic-curie.212-227-153-4.plesk.page\/de\/wp-json\/wp\/v2\/product_tag?post=3409741"}],"curies":[{"name":"wp","href":"https:\/\/api.w.org\/{rel}","templated":true}]}}