{"id":3409854,"date":"2025-10-09T22:43:49","date_gmt":"2025-10-10T02:43:49","guid":{"rendered":"https:\/\/stoic-curie.212-227-153-4.plesk.page\/product\/wasserfilter-mit-edelstahl-sieb-1-2-einlass-auslass-gewinde\/"},"modified":"2026-02-24T23:34:53","modified_gmt":"2026-02-24T23:34:53","slug":"wasserfilter-mit-edelstahl-sieb-1-2-einlass-auslass-gewinde","status":"publish","type":"product","link":"https:\/\/stoic-curie.212-227-153-4.plesk.page\/de\/product\/wasserfilter-mit-edelstahl-sieb-1-2-einlass-auslass-gewinde\/","title":{"rendered":"Wasserfilter mit Edelstahl-Sieb 1\/2&#8243; Einlass\/Auslass-Gewinde"},"content":{"rendered":"<p>Wasserfilter mit Edelstahl-Sieb 1\/2&#8243; Einlass\/Auslass-Gewinde &#8211; <\/p>\n<p>Edelstahlfilter f\u00fcr sanit\u00e4res Wasser. Er macht das Wasser nicht trinkbar, sondern h\u00e4lt nur die Verunreinigungen zur\u00fcck. Mit Gewindeanschl\u00fcssen.<\/p>\n","protected":false},"excerpt":{"rendered":"<p>Wasserfilter mit Edelstahl-Sieb 1\/2&#8243; Einlass\/Auslass-Gewinde &#8211; Edelstahlfilter f\u00fcr sanit\u00e4res Wasser. Er macht das Wasser nicht trinkbar, sondern h\u00e4lt nur die<\/p>\n","protected":false},"featured_media":5940314,"comment_status":"closed","ping_status":"closed","template":"","meta":[],"product_brand":[3210],"product_cat":[1375],"product_tag":[],"class_list":{"0":"post-3409854","1":"product","2":"type-product","3":"status-publish","4":"has-post-thumbnail","6":"product_brand-nuova-rade-de","7":"product_cat-wasserfilter","9":"first","10":"instock","11":"shipping-taxable","12":"purchasable","13":"product-type-simple"},"_links":{"self":[{"href":"https:\/\/stoic-curie.212-227-153-4.plesk.page\/de\/wp-json\/wp\/v2\/product\/3409854","targetHints":{"allow":["GET"]}}],"collection":[{"href":"https:\/\/stoic-curie.212-227-153-4.plesk.page\/de\/wp-json\/wp\/v2\/product"}],"about":[{"href":"https:\/\/stoic-curie.212-227-153-4.plesk.page\/de\/wp-json\/wp\/v2\/types\/product"}],"replies":[{"embeddable":true,"href":"https:\/\/stoic-curie.212-227-153-4.plesk.page\/de\/wp-json\/wp\/v2\/comments?post=3409854"}],"version-history":[{"count":0,"href":"https:\/\/stoic-curie.212-227-153-4.plesk.page\/de\/wp-json\/wp\/v2\/product\/3409854\/revisions"}],"wp:featuredmedia":[{"embeddable":true,"href":"https:\/\/stoic-curie.212-227-153-4.plesk.page\/de\/wp-json\/wp\/v2\/media\/5940314"}],"wp:attachment":[{"href":"https:\/\/stoic-curie.212-227-153-4.plesk.page\/de\/wp-json\/wp\/v2\/media?parent=3409854"}],"wp:term":[{"taxonomy":"product_brand","embeddable":true,"href":"https:\/\/stoic-curie.212-227-153-4.plesk.page\/de\/wp-json\/wp\/v2\/product_brand?post=3409854"},{"taxonomy":"product_cat","embeddable":true,"href":"https:\/\/stoic-curie.212-227-153-4.plesk.page\/de\/wp-json\/wp\/v2\/product_cat?post=3409854"},{"taxonomy":"product_tag","embeddable":true,"href":"https:\/\/stoic-curie.212-227-153-4.plesk.page\/de\/wp-json\/wp\/v2\/product_tag?post=3409854"}],"curies":[{"name":"wp","href":"https:\/\/api.w.org\/{rel}","templated":true}]}}