{"id":3409868,"date":"2025-10-09T22:43:50","date_gmt":"2025-10-10T02:43:50","guid":{"rendered":"https:\/\/stoic-curie.212-227-153-4.plesk.page\/product\/c2-fernbedienungskabel-8-fuss-244-m\/"},"modified":"2026-02-24T23:34:53","modified_gmt":"2026-02-24T23:34:53","slug":"c2-fernbedienungskabel-8-fuss-244-m","status":"publish","type":"product","link":"https:\/\/stoic-curie.212-227-153-4.plesk.page\/de\/product\/c2-fernbedienungskabel-8-fuss-244-m\/","title":{"rendered":"C2 Fernbedienungskabel 8 Fu\u00df (2,44 m)"},"content":{"rendered":"<p>C2 Fernbedienungskabel 8 Fu\u00df (2,44 m) &#8211; <\/p>\n<p>Universelle Fernbedienungskabel f\u00fcr alle Innenbordmotoren und Sterndrives. F\u00fcr Yamaha\/Suzuki\/Honda\/Tohatsu\/Selva Au\u00dfenbordmotoren verwenden Sie die entsprechenden Verbindungssets.<\/p>\n","protected":false},"excerpt":{"rendered":"<p>C2 Fernbedienungskabel 8 Fu\u00df (2,44 m) &#8211; Universelle Fernbedienungskabel f\u00fcr alle Innenbordmotoren und Sterndrives. F\u00fcr Yamaha\/Suzuki\/Honda\/Tohatsu\/Selva Au\u00dfenbordmotoren verwenden Sie die<\/p>\n","protected":false},"featured_media":5940330,"comment_status":"closed","ping_status":"closed","template":"","meta":[],"product_brand":[3500],"product_cat":[1497],"product_tag":[],"class_list":{"0":"post-3409868","1":"product","2":"type-product","3":"status-publish","4":"has-post-thumbnail","6":"product_brand-ultraflex-uflex-de","7":"product_cat-morse-steuerkabel","9":"first","10":"instock","11":"shipping-taxable","12":"purchasable","13":"product-type-simple"},"_links":{"self":[{"href":"https:\/\/stoic-curie.212-227-153-4.plesk.page\/de\/wp-json\/wp\/v2\/product\/3409868","targetHints":{"allow":["GET"]}}],"collection":[{"href":"https:\/\/stoic-curie.212-227-153-4.plesk.page\/de\/wp-json\/wp\/v2\/product"}],"about":[{"href":"https:\/\/stoic-curie.212-227-153-4.plesk.page\/de\/wp-json\/wp\/v2\/types\/product"}],"replies":[{"embeddable":true,"href":"https:\/\/stoic-curie.212-227-153-4.plesk.page\/de\/wp-json\/wp\/v2\/comments?post=3409868"}],"version-history":[{"count":0,"href":"https:\/\/stoic-curie.212-227-153-4.plesk.page\/de\/wp-json\/wp\/v2\/product\/3409868\/revisions"}],"wp:featuredmedia":[{"embeddable":true,"href":"https:\/\/stoic-curie.212-227-153-4.plesk.page\/de\/wp-json\/wp\/v2\/media\/5940330"}],"wp:attachment":[{"href":"https:\/\/stoic-curie.212-227-153-4.plesk.page\/de\/wp-json\/wp\/v2\/media?parent=3409868"}],"wp:term":[{"taxonomy":"product_brand","embeddable":true,"href":"https:\/\/stoic-curie.212-227-153-4.plesk.page\/de\/wp-json\/wp\/v2\/product_brand?post=3409868"},{"taxonomy":"product_cat","embeddable":true,"href":"https:\/\/stoic-curie.212-227-153-4.plesk.page\/de\/wp-json\/wp\/v2\/product_cat?post=3409868"},{"taxonomy":"product_tag","embeddable":true,"href":"https:\/\/stoic-curie.212-227-153-4.plesk.page\/de\/wp-json\/wp\/v2\/product_tag?post=3409868"}],"curies":[{"name":"wp","href":"https:\/\/api.w.org\/{rel}","templated":true}]}}