{"id":3409941,"date":"2025-10-09T22:43:53","date_gmt":"2025-10-10T02:43:53","guid":{"rendered":"https:\/\/stoic-curie.212-227-153-4.plesk.page\/product\/aluminium-teleskopstange-fuer-aussenborder-60-100-cm\/"},"modified":"2026-02-24T23:34:53","modified_gmt":"2026-02-24T23:34:53","slug":"aluminium-teleskopstange-fuer-aussenborder-60-100-cm","status":"publish","type":"product","link":"https:\/\/stoic-curie.212-227-153-4.plesk.page\/de\/product\/aluminium-teleskopstange-fuer-aussenborder-60-100-cm\/","title":{"rendered":"Aluminium Teleskopstange f\u00fcr Au\u00dfenborder 60-100 cm"},"content":{"rendered":"<p>Aluminium Teleskopstange f\u00fcr Au\u00dfenborder 60-100 cm &#8211; <\/p>\n<p>Teleskopverl\u00e4ngerung f\u00fcr Au\u00dfenbordmotor. Mit Motor-Stopp-Taste.<\/p>\n","protected":false},"excerpt":{"rendered":"<p>Aluminium Teleskopstange f\u00fcr Au\u00dfenborder 60-100 cm &#8211; Teleskopverl\u00e4ngerung f\u00fcr Au\u00dfenbordmotor. Mit Motor-Stopp-Taste.<\/p>\n","protected":false},"featured_media":5940378,"comment_status":"closed","ping_status":"closed","template":"","meta":[],"product_brand":[3490],"product_cat":[1540],"product_tag":[],"class_list":{"0":"post-3409941","1":"product","2":"type-product","3":"status-publish","4":"has-post-thumbnail","6":"product_brand-trem-de","7":"product_cat-zubehoer-fuer-aussenborder","9":"first","10":"instock","11":"shipping-taxable","12":"purchasable","13":"product-type-simple"},"_links":{"self":[{"href":"https:\/\/stoic-curie.212-227-153-4.plesk.page\/de\/wp-json\/wp\/v2\/product\/3409941","targetHints":{"allow":["GET"]}}],"collection":[{"href":"https:\/\/stoic-curie.212-227-153-4.plesk.page\/de\/wp-json\/wp\/v2\/product"}],"about":[{"href":"https:\/\/stoic-curie.212-227-153-4.plesk.page\/de\/wp-json\/wp\/v2\/types\/product"}],"replies":[{"embeddable":true,"href":"https:\/\/stoic-curie.212-227-153-4.plesk.page\/de\/wp-json\/wp\/v2\/comments?post=3409941"}],"version-history":[{"count":0,"href":"https:\/\/stoic-curie.212-227-153-4.plesk.page\/de\/wp-json\/wp\/v2\/product\/3409941\/revisions"}],"wp:featuredmedia":[{"embeddable":true,"href":"https:\/\/stoic-curie.212-227-153-4.plesk.page\/de\/wp-json\/wp\/v2\/media\/5940378"}],"wp:attachment":[{"href":"https:\/\/stoic-curie.212-227-153-4.plesk.page\/de\/wp-json\/wp\/v2\/media?parent=3409941"}],"wp:term":[{"taxonomy":"product_brand","embeddable":true,"href":"https:\/\/stoic-curie.212-227-153-4.plesk.page\/de\/wp-json\/wp\/v2\/product_brand?post=3409941"},{"taxonomy":"product_cat","embeddable":true,"href":"https:\/\/stoic-curie.212-227-153-4.plesk.page\/de\/wp-json\/wp\/v2\/product_cat?post=3409941"},{"taxonomy":"product_tag","embeddable":true,"href":"https:\/\/stoic-curie.212-227-153-4.plesk.page\/de\/wp-json\/wp\/v2\/product_tag?post=3409941"}],"curies":[{"name":"wp","href":"https:\/\/api.w.org\/{rel}","templated":true}]}}