{"id":3410769,"date":"2025-10-09T22:44:24","date_gmt":"2025-10-10T02:44:24","guid":{"rendered":"https:\/\/stoic-curie.212-227-153-4.plesk.page\/product\/pvc-basis-glomex-fuer-antennen\/"},"modified":"2026-02-24T23:34:53","modified_gmt":"2026-02-24T23:34:53","slug":"pvc-basis-glomex-fuer-antennen","status":"publish","type":"product","link":"https:\/\/stoic-curie.212-227-153-4.plesk.page\/de\/product\/pvc-basis-glomex-fuer-antennen\/","title":{"rendered":"PVC-Basis Glomex f\u00fcr Antennen"},"content":{"rendered":"<p>PVC-Basis Glomex f\u00fcr Antennen &#8211; <\/p>\n<p>H-Typ Festbasen f\u00fcr VHF- und GPS-Antennen. Sie k\u00f6nnen auch als Basen f\u00fcr RA129-Typ Verl\u00e4ngerungen verwendet werden.<\/p>\n","protected":false},"excerpt":{"rendered":"<p>PVC-Basis Glomex f\u00fcr Antennen &#8211; H-Typ Festbasen f\u00fcr VHF- und GPS-Antennen. Sie k\u00f6nnen auch als Basen f\u00fcr RA129-Typ Verl\u00e4ngerungen verwendet<\/p>\n","protected":false},"featured_media":5940665,"comment_status":"closed","ping_status":"closed","template":"","meta":[],"product_brand":[2980],"product_cat":[1466],"product_tag":[],"class_list":{"0":"post-3410769","1":"product","2":"type-product","3":"status-publish","4":"has-post-thumbnail","6":"product_brand-glomex-de","7":"product_cat-vhf-antennen","9":"first","10":"instock","11":"shipping-taxable","12":"purchasable","13":"product-type-simple"},"_links":{"self":[{"href":"https:\/\/stoic-curie.212-227-153-4.plesk.page\/de\/wp-json\/wp\/v2\/product\/3410769","targetHints":{"allow":["GET"]}}],"collection":[{"href":"https:\/\/stoic-curie.212-227-153-4.plesk.page\/de\/wp-json\/wp\/v2\/product"}],"about":[{"href":"https:\/\/stoic-curie.212-227-153-4.plesk.page\/de\/wp-json\/wp\/v2\/types\/product"}],"replies":[{"embeddable":true,"href":"https:\/\/stoic-curie.212-227-153-4.plesk.page\/de\/wp-json\/wp\/v2\/comments?post=3410769"}],"version-history":[{"count":0,"href":"https:\/\/stoic-curie.212-227-153-4.plesk.page\/de\/wp-json\/wp\/v2\/product\/3410769\/revisions"}],"wp:featuredmedia":[{"embeddable":true,"href":"https:\/\/stoic-curie.212-227-153-4.plesk.page\/de\/wp-json\/wp\/v2\/media\/5940665"}],"wp:attachment":[{"href":"https:\/\/stoic-curie.212-227-153-4.plesk.page\/de\/wp-json\/wp\/v2\/media?parent=3410769"}],"wp:term":[{"taxonomy":"product_brand","embeddable":true,"href":"https:\/\/stoic-curie.212-227-153-4.plesk.page\/de\/wp-json\/wp\/v2\/product_brand?post=3410769"},{"taxonomy":"product_cat","embeddable":true,"href":"https:\/\/stoic-curie.212-227-153-4.plesk.page\/de\/wp-json\/wp\/v2\/product_cat?post=3410769"},{"taxonomy":"product_tag","embeddable":true,"href":"https:\/\/stoic-curie.212-227-153-4.plesk.page\/de\/wp-json\/wp\/v2\/product_tag?post=3410769"}],"curies":[{"name":"wp","href":"https:\/\/api.w.org\/{rel}","templated":true}]}}