{"id":3410790,"date":"2025-10-09T22:44:24","date_gmt":"2025-10-10T02:44:24","guid":{"rendered":"https:\/\/stoic-curie.212-227-153-4.plesk.page\/product\/nylon-basisklemme-fuer-antennen\/"},"modified":"2026-02-24T23:34:53","modified_gmt":"2026-02-24T23:34:53","slug":"nylon-basisklemme-fuer-antennen","status":"publish","type":"product","link":"https:\/\/stoic-curie.212-227-153-4.plesk.page\/de\/product\/nylon-basisklemme-fuer-antennen\/","title":{"rendered":"Nylon-Basisklemme f\u00fcr Antennen"},"content":{"rendered":"<p>Nylon-Basisklemme f\u00fcr Antennen &#8211; <\/p>\n<p>Verst\u00e4rkter Nylon-GPS-Antennenfu\u00df zum Einklemmen. Nur auf horizontalen Schienen mit Durchmessern von 22 mm (7\/8 Zoll) bis 30 mm (1 Zoll) zu montieren. Wird mit Kabelseitenschlitz und Klemmen f\u00fcr alle 3 Schienen Durchmesser geliefert.<\/p>\n","protected":false},"excerpt":{"rendered":"<p>Nylon-Basisklemme f\u00fcr Antennen &#8211; Verst\u00e4rkter Nylon-GPS-Antennenfu\u00df zum Einklemmen. Nur auf horizontalen Schienen mit Durchmessern von 22 mm (7\/8 Zoll) bis<\/p>\n","protected":false},"featured_media":5940666,"comment_status":"closed","ping_status":"closed","template":"","meta":[],"product_brand":[2980],"product_cat":[1466],"product_tag":[],"class_list":{"0":"post-3410790","1":"product","2":"type-product","3":"status-publish","4":"has-post-thumbnail","6":"product_brand-glomex-de","7":"product_cat-vhf-antennen","9":"first","10":"instock","11":"shipping-taxable","12":"purchasable","13":"product-type-simple"},"_links":{"self":[{"href":"https:\/\/stoic-curie.212-227-153-4.plesk.page\/de\/wp-json\/wp\/v2\/product\/3410790","targetHints":{"allow":["GET"]}}],"collection":[{"href":"https:\/\/stoic-curie.212-227-153-4.plesk.page\/de\/wp-json\/wp\/v2\/product"}],"about":[{"href":"https:\/\/stoic-curie.212-227-153-4.plesk.page\/de\/wp-json\/wp\/v2\/types\/product"}],"replies":[{"embeddable":true,"href":"https:\/\/stoic-curie.212-227-153-4.plesk.page\/de\/wp-json\/wp\/v2\/comments?post=3410790"}],"version-history":[{"count":0,"href":"https:\/\/stoic-curie.212-227-153-4.plesk.page\/de\/wp-json\/wp\/v2\/product\/3410790\/revisions"}],"wp:featuredmedia":[{"embeddable":true,"href":"https:\/\/stoic-curie.212-227-153-4.plesk.page\/de\/wp-json\/wp\/v2\/media\/5940666"}],"wp:attachment":[{"href":"https:\/\/stoic-curie.212-227-153-4.plesk.page\/de\/wp-json\/wp\/v2\/media?parent=3410790"}],"wp:term":[{"taxonomy":"product_brand","embeddable":true,"href":"https:\/\/stoic-curie.212-227-153-4.plesk.page\/de\/wp-json\/wp\/v2\/product_brand?post=3410790"},{"taxonomy":"product_cat","embeddable":true,"href":"https:\/\/stoic-curie.212-227-153-4.plesk.page\/de\/wp-json\/wp\/v2\/product_cat?post=3410790"},{"taxonomy":"product_tag","embeddable":true,"href":"https:\/\/stoic-curie.212-227-153-4.plesk.page\/de\/wp-json\/wp\/v2\/product_tag?post=3410790"}],"curies":[{"name":"wp","href":"https:\/\/api.w.org\/{rel}","templated":true}]}}