{"id":3410825,"date":"2025-10-09T22:44:26","date_gmt":"2025-10-10T02:44:26","guid":{"rendered":"https:\/\/stoic-curie.212-227-153-4.plesk.page\/product\/lithium-weissfett-500-ml\/"},"modified":"2026-02-24T23:34:53","modified_gmt":"2026-02-24T23:34:53","slug":"lithium-weissfett-500-ml","status":"publish","type":"product","link":"https:\/\/stoic-curie.212-227-153-4.plesk.page\/de\/product\/lithium-weissfett-500-ml\/","title":{"rendered":"Lithium-Wei\u00dffett 500 ml"},"content":{"rendered":"<p>Lithium-Wei\u00dffett 500 ml &#8211; <\/p>\n<p>Hochklebendes, langlebiges, nicht verschmierendendes Lithium-Wei\u00dfe Fett. Es schmiert und sch\u00fctzt vor Korrosion, ist resistent gegen Wasser und Seespritzer sowie gegen Zentrifugalkr\u00e4fte. Geeignet f\u00fcr ungesch\u00fctzte Zahnr\u00e4der, ungesch\u00fctzte Bolzen, Lager, Fernbedienungskabel und Lenkcontrollsysteme.<\/p>\n","protected":false},"excerpt":{"rendered":"<p>Lithium-Wei\u00dffett 500 ml &#8211; Hochklebendes, langlebiges, nicht verschmierendendes Lithium-Wei\u00dfe Fett. Es schmiert und sch\u00fctzt vor Korrosion, ist resistent gegen Wasser<\/p>\n","protected":false},"featured_media":5940677,"comment_status":"closed","ping_status":"closed","template":"","meta":[],"product_brand":[2870],"product_cat":[1508],"product_tag":[],"class_list":{"0":"post-3410825","1":"product","2":"type-product","3":"status-publish","4":"has-post-thumbnail","6":"product_brand-crc-marine-de","7":"product_cat-marine-schmierstoffe","9":"first","10":"instock","11":"shipping-taxable","12":"purchasable","13":"product-type-simple"},"_links":{"self":[{"href":"https:\/\/stoic-curie.212-227-153-4.plesk.page\/de\/wp-json\/wp\/v2\/product\/3410825","targetHints":{"allow":["GET"]}}],"collection":[{"href":"https:\/\/stoic-curie.212-227-153-4.plesk.page\/de\/wp-json\/wp\/v2\/product"}],"about":[{"href":"https:\/\/stoic-curie.212-227-153-4.plesk.page\/de\/wp-json\/wp\/v2\/types\/product"}],"replies":[{"embeddable":true,"href":"https:\/\/stoic-curie.212-227-153-4.plesk.page\/de\/wp-json\/wp\/v2\/comments?post=3410825"}],"version-history":[{"count":0,"href":"https:\/\/stoic-curie.212-227-153-4.plesk.page\/de\/wp-json\/wp\/v2\/product\/3410825\/revisions"}],"wp:featuredmedia":[{"embeddable":true,"href":"https:\/\/stoic-curie.212-227-153-4.plesk.page\/de\/wp-json\/wp\/v2\/media\/5940677"}],"wp:attachment":[{"href":"https:\/\/stoic-curie.212-227-153-4.plesk.page\/de\/wp-json\/wp\/v2\/media?parent=3410825"}],"wp:term":[{"taxonomy":"product_brand","embeddable":true,"href":"https:\/\/stoic-curie.212-227-153-4.plesk.page\/de\/wp-json\/wp\/v2\/product_brand?post=3410825"},{"taxonomy":"product_cat","embeddable":true,"href":"https:\/\/stoic-curie.212-227-153-4.plesk.page\/de\/wp-json\/wp\/v2\/product_cat?post=3410825"},{"taxonomy":"product_tag","embeddable":true,"href":"https:\/\/stoic-curie.212-227-153-4.plesk.page\/de\/wp-json\/wp\/v2\/product_tag?post=3410825"}],"curies":[{"name":"wp","href":"https:\/\/api.w.org\/{rel}","templated":true}]}}