{"id":3410833,"date":"2025-10-09T22:44:26","date_gmt":"2025-10-10T02:44:26","guid":{"rendered":"https:\/\/stoic-curie.212-227-153-4.plesk.page\/product\/vaseline-gleitfett-500-ml\/"},"modified":"2026-02-24T23:34:53","modified_gmt":"2026-02-24T23:34:53","slug":"vaseline-gleitfett-500-ml","status":"publish","type":"product","link":"https:\/\/stoic-curie.212-227-153-4.plesk.page\/de\/product\/vaseline-gleitfett-500-ml\/","title":{"rendered":"Vaseline-Gleitfett, 500 ml"},"content":{"rendered":"<p>Vaseline-Gleitfett, 500 ml &#8211; <\/p>\n<p>Sch\u00fctzendes, farbloses, nicht f\u00e4rbendes, dauerhaft ecologisches Fett. Geeignet f\u00fcr T\u00fcrschl\u00f6sser, Scharniere, Batterieklemmen usw. Macht Holzteile wasserfest und gleitf\u00e4hig. Sch\u00fctzt und erneuert Gummi und Gummimaterialien.<\/p>\n","protected":false},"excerpt":{"rendered":"<p>Vaseline-Gleitfett, 500 ml &#8211; Sch\u00fctzendes, farbloses, nicht f\u00e4rbendes, dauerhaft ecologisches Fett. Geeignet f\u00fcr T\u00fcrschl\u00f6sser, Scharniere, Batterieklemmen usw. Macht Holzteile wasserfest<\/p>\n","protected":false},"featured_media":5935834,"comment_status":"closed","ping_status":"closed","template":"","meta":[],"product_brand":[2870],"product_cat":[1508],"product_tag":[],"class_list":{"0":"post-3410833","1":"product","2":"type-product","3":"status-publish","4":"has-post-thumbnail","6":"product_brand-crc-marine-de","7":"product_cat-marine-schmierstoffe","9":"first","10":"instock","11":"shipping-taxable","12":"purchasable","13":"product-type-simple"},"_links":{"self":[{"href":"https:\/\/stoic-curie.212-227-153-4.plesk.page\/de\/wp-json\/wp\/v2\/product\/3410833","targetHints":{"allow":["GET"]}}],"collection":[{"href":"https:\/\/stoic-curie.212-227-153-4.plesk.page\/de\/wp-json\/wp\/v2\/product"}],"about":[{"href":"https:\/\/stoic-curie.212-227-153-4.plesk.page\/de\/wp-json\/wp\/v2\/types\/product"}],"replies":[{"embeddable":true,"href":"https:\/\/stoic-curie.212-227-153-4.plesk.page\/de\/wp-json\/wp\/v2\/comments?post=3410833"}],"version-history":[{"count":0,"href":"https:\/\/stoic-curie.212-227-153-4.plesk.page\/de\/wp-json\/wp\/v2\/product\/3410833\/revisions"}],"wp:featuredmedia":[{"embeddable":true,"href":"https:\/\/stoic-curie.212-227-153-4.plesk.page\/de\/wp-json\/wp\/v2\/media\/5935834"}],"wp:attachment":[{"href":"https:\/\/stoic-curie.212-227-153-4.plesk.page\/de\/wp-json\/wp\/v2\/media?parent=3410833"}],"wp:term":[{"taxonomy":"product_brand","embeddable":true,"href":"https:\/\/stoic-curie.212-227-153-4.plesk.page\/de\/wp-json\/wp\/v2\/product_brand?post=3410833"},{"taxonomy":"product_cat","embeddable":true,"href":"https:\/\/stoic-curie.212-227-153-4.plesk.page\/de\/wp-json\/wp\/v2\/product_cat?post=3410833"},{"taxonomy":"product_tag","embeddable":true,"href":"https:\/\/stoic-curie.212-227-153-4.plesk.page\/de\/wp-json\/wp\/v2\/product_tag?post=3410833"}],"curies":[{"name":"wp","href":"https:\/\/api.w.org\/{rel}","templated":true}]}}