{"id":3410870,"date":"2025-10-09T22:44:27","date_gmt":"2025-10-10T02:44:27","guid":{"rendered":"https:\/\/stoic-curie.212-227-153-4.plesk.page\/product\/schmiermittel-fuer-stuffkasten-30-ml\/"},"modified":"2026-02-24T23:34:54","modified_gmt":"2026-02-24T23:34:54","slug":"schmiermittel-fuer-stuffkasten-30-ml","status":"publish","type":"product","link":"https:\/\/stoic-curie.212-227-153-4.plesk.page\/de\/product\/schmiermittel-fuer-stuffkasten-30-ml\/","title":{"rendered":"Schmiermittel f\u00fcr Stuffkasten 30 ml"},"content":{"rendered":"<p>Schmiermittel f\u00fcr Stuffkasten 30 ml &#8211; <\/p>\n<p>Spezifisches Schmiermittel f\u00fcr Propellerwellen-Dichtungen. Bewahrt die Gummidichtungen im Laufe der Zeit und verl\u00e4ngert ihre Lebensdauer.<\/p>\n","protected":false},"excerpt":{"rendered":"<p>Schmiermittel f\u00fcr Stuffkasten 30 ml &#8211; Spezifisches Schmiermittel f\u00fcr Propellerwellen-Dichtungen. Bewahrt die Gummidichtungen im Laufe der Zeit und verl\u00e4ngert ihre<\/p>\n","protected":false},"featured_media":5940681,"comment_status":"closed","ping_status":"closed","template":"","meta":[],"product_brand":[2915],"product_cat":[1508,1521],"product_tag":[],"class_list":{"0":"post-3410870","1":"product","2":"type-product","3":"status-publish","4":"has-post-thumbnail","6":"product_brand-eliche-radice-de","7":"product_cat-marine-schmierstoffe","8":"product_cat-propellerwellendichtungen","10":"first","11":"instock","12":"shipping-taxable","13":"purchasable","14":"product-type-simple"},"_links":{"self":[{"href":"https:\/\/stoic-curie.212-227-153-4.plesk.page\/de\/wp-json\/wp\/v2\/product\/3410870","targetHints":{"allow":["GET"]}}],"collection":[{"href":"https:\/\/stoic-curie.212-227-153-4.plesk.page\/de\/wp-json\/wp\/v2\/product"}],"about":[{"href":"https:\/\/stoic-curie.212-227-153-4.plesk.page\/de\/wp-json\/wp\/v2\/types\/product"}],"replies":[{"embeddable":true,"href":"https:\/\/stoic-curie.212-227-153-4.plesk.page\/de\/wp-json\/wp\/v2\/comments?post=3410870"}],"version-history":[{"count":0,"href":"https:\/\/stoic-curie.212-227-153-4.plesk.page\/de\/wp-json\/wp\/v2\/product\/3410870\/revisions"}],"wp:featuredmedia":[{"embeddable":true,"href":"https:\/\/stoic-curie.212-227-153-4.plesk.page\/de\/wp-json\/wp\/v2\/media\/5940681"}],"wp:attachment":[{"href":"https:\/\/stoic-curie.212-227-153-4.plesk.page\/de\/wp-json\/wp\/v2\/media?parent=3410870"}],"wp:term":[{"taxonomy":"product_brand","embeddable":true,"href":"https:\/\/stoic-curie.212-227-153-4.plesk.page\/de\/wp-json\/wp\/v2\/product_brand?post=3410870"},{"taxonomy":"product_cat","embeddable":true,"href":"https:\/\/stoic-curie.212-227-153-4.plesk.page\/de\/wp-json\/wp\/v2\/product_cat?post=3410870"},{"taxonomy":"product_tag","embeddable":true,"href":"https:\/\/stoic-curie.212-227-153-4.plesk.page\/de\/wp-json\/wp\/v2\/product_tag?post=3410870"}],"curies":[{"name":"wp","href":"https:\/\/api.w.org\/{rel}","templated":true}]}}