{"id":3410872,"date":"2025-10-09T22:44:28","date_gmt":"2025-10-10T02:44:28","guid":{"rendered":"https:\/\/stoic-curie.212-227-153-4.plesk.page\/product\/marine-schmiermittel-fuer-pumpenlaufraeder\/"},"modified":"2026-02-24T23:34:54","modified_gmt":"2026-02-24T23:34:54","slug":"marine-schmiermittel-fuer-pumpenlaufraeder","status":"publish","type":"product","link":"https:\/\/stoic-curie.212-227-153-4.plesk.page\/de\/product\/marine-schmiermittel-fuer-pumpenlaufraeder\/","title":{"rendered":"Marine Schmiermittel f\u00fcr Pumpenlaufr\u00e4der"},"content":{"rendered":"<p>Marine Schmiermittel f\u00fcr Pumpenlaufr\u00e4der &#8211; <\/p>\n<p>Flexible Impeller Spezialschmierfett, ideal zur Gew\u00e4hrleistung einer langen Lebensdauer der K\u00fchlpumpe und des Motors.<\/p>\n","protected":false},"excerpt":{"rendered":"<p>Marine Schmiermittel f\u00fcr Pumpenlaufr\u00e4der &#8211; Flexible Impeller Spezialschmierfett, ideal zur Gew\u00e4hrleistung einer langen Lebensdauer der K\u00fchlpumpe und des Motors.<\/p>\n","protected":false},"featured_media":5940682,"comment_status":"closed","ping_status":"closed","template":"","meta":[],"product_brand":[3045],"product_cat":[1508,1522],"product_tag":[],"class_list":{"0":"post-3410872","1":"product","2":"type-product","3":"status-publish","4":"has-post-thumbnail","6":"product_brand-johnson-marine-de","7":"product_cat-marine-schmierstoffe","8":"product_cat-motorkuehlpumpen","10":"first","11":"instock","12":"shipping-taxable","13":"purchasable","14":"product-type-simple"},"_links":{"self":[{"href":"https:\/\/stoic-curie.212-227-153-4.plesk.page\/de\/wp-json\/wp\/v2\/product\/3410872","targetHints":{"allow":["GET"]}}],"collection":[{"href":"https:\/\/stoic-curie.212-227-153-4.plesk.page\/de\/wp-json\/wp\/v2\/product"}],"about":[{"href":"https:\/\/stoic-curie.212-227-153-4.plesk.page\/de\/wp-json\/wp\/v2\/types\/product"}],"replies":[{"embeddable":true,"href":"https:\/\/stoic-curie.212-227-153-4.plesk.page\/de\/wp-json\/wp\/v2\/comments?post=3410872"}],"version-history":[{"count":0,"href":"https:\/\/stoic-curie.212-227-153-4.plesk.page\/de\/wp-json\/wp\/v2\/product\/3410872\/revisions"}],"wp:featuredmedia":[{"embeddable":true,"href":"https:\/\/stoic-curie.212-227-153-4.plesk.page\/de\/wp-json\/wp\/v2\/media\/5940682"}],"wp:attachment":[{"href":"https:\/\/stoic-curie.212-227-153-4.plesk.page\/de\/wp-json\/wp\/v2\/media?parent=3410872"}],"wp:term":[{"taxonomy":"product_brand","embeddable":true,"href":"https:\/\/stoic-curie.212-227-153-4.plesk.page\/de\/wp-json\/wp\/v2\/product_brand?post=3410872"},{"taxonomy":"product_cat","embeddable":true,"href":"https:\/\/stoic-curie.212-227-153-4.plesk.page\/de\/wp-json\/wp\/v2\/product_cat?post=3410872"},{"taxonomy":"product_tag","embeddable":true,"href":"https:\/\/stoic-curie.212-227-153-4.plesk.page\/de\/wp-json\/wp\/v2\/product_tag?post=3410872"}],"curies":[{"name":"wp","href":"https:\/\/api.w.org\/{rel}","templated":true}]}}