{"id":3410894,"date":"2025-10-09T22:44:28","date_gmt":"2025-10-10T02:44:28","guid":{"rendered":"https:\/\/stoic-curie.212-227-153-4.plesk.page\/product\/schmiermittel-auf-teflonbasis-fuer-schiffsmotoren-von-quicksilver\/"},"modified":"2026-02-24T23:34:54","modified_gmt":"2026-02-24T23:34:54","slug":"schmiermittel-auf-teflonbasis-fuer-schiffsmotoren-von-quicksilver","status":"publish","type":"product","link":"https:\/\/stoic-curie.212-227-153-4.plesk.page\/de\/product\/schmiermittel-auf-teflonbasis-fuer-schiffsmotoren-von-quicksilver\/","title":{"rendered":"Schmiermittel auf Teflonbasis f\u00fcr Schiffsmotoren von Quicksilver"},"content":{"rendered":"<p>Schmiermittel auf Teflonbasis f\u00fcr Schiffsmotoren von Quicksilver &#8211; <\/p>\n<p>Teflonbasierter Schmierstoff f\u00fcr Marineantriebe. Schmierstoffe und sch\u00fctzt bewegliche Teile gegen die Sp\u00fclwirkung von Meerwasser.<\/p>\n","protected":false},"excerpt":{"rendered":"<p>Schmiermittel auf Teflonbasis f\u00fcr Schiffsmotoren von Quicksilver &#8211; Teflonbasierter Schmierstoff f\u00fcr Marineantriebe. Schmierstoffe und sch\u00fctzt bewegliche Teile gegen die Sp\u00fclwirkung<\/p>\n","protected":false},"featured_media":5940685,"comment_status":"closed","ping_status":"closed","template":"","meta":[],"product_brand":[3285],"product_cat":[1508],"product_tag":[],"class_list":{"0":"post-3410894","1":"product","2":"type-product","3":"status-publish","4":"has-post-thumbnail","6":"product_brand-quicksilver-de","7":"product_cat-marine-schmierstoffe","9":"first","10":"instock","11":"shipping-taxable","12":"purchasable","13":"product-type-simple"},"_links":{"self":[{"href":"https:\/\/stoic-curie.212-227-153-4.plesk.page\/de\/wp-json\/wp\/v2\/product\/3410894","targetHints":{"allow":["GET"]}}],"collection":[{"href":"https:\/\/stoic-curie.212-227-153-4.plesk.page\/de\/wp-json\/wp\/v2\/product"}],"about":[{"href":"https:\/\/stoic-curie.212-227-153-4.plesk.page\/de\/wp-json\/wp\/v2\/types\/product"}],"replies":[{"embeddable":true,"href":"https:\/\/stoic-curie.212-227-153-4.plesk.page\/de\/wp-json\/wp\/v2\/comments?post=3410894"}],"version-history":[{"count":0,"href":"https:\/\/stoic-curie.212-227-153-4.plesk.page\/de\/wp-json\/wp\/v2\/product\/3410894\/revisions"}],"wp:featuredmedia":[{"embeddable":true,"href":"https:\/\/stoic-curie.212-227-153-4.plesk.page\/de\/wp-json\/wp\/v2\/media\/5940685"}],"wp:attachment":[{"href":"https:\/\/stoic-curie.212-227-153-4.plesk.page\/de\/wp-json\/wp\/v2\/media?parent=3410894"}],"wp:term":[{"taxonomy":"product_brand","embeddable":true,"href":"https:\/\/stoic-curie.212-227-153-4.plesk.page\/de\/wp-json\/wp\/v2\/product_brand?post=3410894"},{"taxonomy":"product_cat","embeddable":true,"href":"https:\/\/stoic-curie.212-227-153-4.plesk.page\/de\/wp-json\/wp\/v2\/product_cat?post=3410894"},{"taxonomy":"product_tag","embeddable":true,"href":"https:\/\/stoic-curie.212-227-153-4.plesk.page\/de\/wp-json\/wp\/v2\/product_tag?post=3410894"}],"curies":[{"name":"wp","href":"https:\/\/api.w.org\/{rel}","templated":true}]}}