{"id":3410898,"date":"2025-10-09T22:44:29","date_gmt":"2025-10-10T02:44:29","guid":{"rendered":"https:\/\/stoic-curie.212-227-153-4.plesk.page\/product\/aluminium-teleskopgriffe-star-brite-94183-cm\/"},"modified":"2026-02-24T23:34:54","modified_gmt":"2026-02-24T23:34:54","slug":"aluminium-teleskopgriffe-star-brite-94183-cm","status":"publish","type":"product","link":"https:\/\/stoic-curie.212-227-153-4.plesk.page\/de\/product\/aluminium-teleskopgriffe-star-brite-94183-cm\/","title":{"rendered":"Aluminium Teleskopgriffe Star Brite 94<>183 cm"},"content":{"rendered":"<p>Aluminium Teleskopgriffe Star Brite 94<>183 cm &#8211; <\/p>\n<p>Aeronautische anodisierte Aluminium-Teleskopgriffe mit rutschfesten Handgriffen und &#8220;Twist-Lock&#8221;-Steckdose f\u00fcr Star Brite B\u00fcrsten. Edelstahl-Druckknopf f\u00fcr sofortige Verbindung\/trennung der B\u00fcrsten. Die Extend Wash-Version verf\u00fcgt \u00fcber einen Schlauchanschluss f\u00fcr Wasser und ein Ventil.<\/p>\n","protected":false},"excerpt":{"rendered":"<p>Aluminium Teleskopgriffe Star Brite 94183 cm &#8211; Aeronautische anodisierte Aluminium-Teleskopgriffe mit rutschfesten Handgriffen und &#8220;Twist-Lock&#8221;-Steckdose f\u00fcr Star Brite B\u00fcrsten. Edelstahl-Druckknopf<\/p>\n","protected":false},"featured_media":5940692,"comment_status":"closed","ping_status":"closed","template":"","meta":[],"product_brand":[3435],"product_cat":[1346],"product_tag":[],"class_list":{"0":"post-3410898","1":"product","2":"type-product","3":"status-publish","4":"has-post-thumbnail","6":"product_brand-starbrite-de","7":"product_cat-reinigungsbuersten","9":"first","10":"instock","11":"shipping-taxable","12":"purchasable","13":"product-type-simple"},"_links":{"self":[{"href":"https:\/\/stoic-curie.212-227-153-4.plesk.page\/de\/wp-json\/wp\/v2\/product\/3410898","targetHints":{"allow":["GET"]}}],"collection":[{"href":"https:\/\/stoic-curie.212-227-153-4.plesk.page\/de\/wp-json\/wp\/v2\/product"}],"about":[{"href":"https:\/\/stoic-curie.212-227-153-4.plesk.page\/de\/wp-json\/wp\/v2\/types\/product"}],"replies":[{"embeddable":true,"href":"https:\/\/stoic-curie.212-227-153-4.plesk.page\/de\/wp-json\/wp\/v2\/comments?post=3410898"}],"version-history":[{"count":0,"href":"https:\/\/stoic-curie.212-227-153-4.plesk.page\/de\/wp-json\/wp\/v2\/product\/3410898\/revisions"}],"wp:featuredmedia":[{"embeddable":true,"href":"https:\/\/stoic-curie.212-227-153-4.plesk.page\/de\/wp-json\/wp\/v2\/media\/5940692"}],"wp:attachment":[{"href":"https:\/\/stoic-curie.212-227-153-4.plesk.page\/de\/wp-json\/wp\/v2\/media?parent=3410898"}],"wp:term":[{"taxonomy":"product_brand","embeddable":true,"href":"https:\/\/stoic-curie.212-227-153-4.plesk.page\/de\/wp-json\/wp\/v2\/product_brand?post=3410898"},{"taxonomy":"product_cat","embeddable":true,"href":"https:\/\/stoic-curie.212-227-153-4.plesk.page\/de\/wp-json\/wp\/v2\/product_cat?post=3410898"},{"taxonomy":"product_tag","embeddable":true,"href":"https:\/\/stoic-curie.212-227-153-4.plesk.page\/de\/wp-json\/wp\/v2\/product_tag?post=3410898"}],"curies":[{"name":"wp","href":"https:\/\/api.w.org\/{rel}","templated":true}]}}