{"id":3410914,"date":"2025-10-09T22:44:29","date_gmt":"2025-10-10T02:44:29","guid":{"rendered":"https:\/\/stoic-curie.212-227-153-4.plesk.page\/product\/mittlere-waschbuerste-blue-star-brite-20-cm\/"},"modified":"2026-02-24T23:34:54","modified_gmt":"2026-02-24T23:34:54","slug":"mittlere-waschbuerste-blue-star-brite-20-cm","status":"publish","type":"product","link":"https:\/\/stoic-curie.212-227-153-4.plesk.page\/de\/product\/mittlere-waschbuerste-blue-star-brite-20-cm\/","title":{"rendered":"Mittlere Waschb\u00fcrste Blue Star Brite, 20 cm"},"content":{"rendered":"<p>Mittlere Waschb\u00fcrste Blue Star Brite, 20 cm &#8211; <\/p>\n<p>Besondere 20 cm breite Pinsel aus Polymerfaser, die nicht f\u00e4rben, nicht verblassen und nicht austrocknen. Ideal f\u00fcr die Reinigung von Booten. 3 verschiedene Farben und Fasertypen je nach Verwendung:<br \/>Gelb &#8211; weicher Typ: h\u00e4lt Wasser und eignet sich perfekt zum Reinigen von Fenstern und Glasfaseroberfl\u00e4chen.<br \/>Blaue &#8211; mittlerer Typ: ideal f\u00fcr die allgemeine Reinigung.<br \/>Wei\u00df &#8211; harter Typ: ideal f\u00fcr das Waschen von Decks, rauen und besonders schmutzigen Oberfl\u00e4chen.<br \/>Sie passen perfekt zu allen teleskopierbaren Griffen von Star Brite.<\/p>\n","protected":false},"excerpt":{"rendered":"<p>Mittlere Waschb\u00fcrste Blue Star Brite, 20 cm &#8211; Besondere 20 cm breite Pinsel aus Polymerfaser, die nicht f\u00e4rben, nicht verblassen<\/p>\n","protected":false},"featured_media":5940694,"comment_status":"closed","ping_status":"closed","template":"","meta":[],"product_brand":[3435],"product_cat":[1346],"product_tag":[],"class_list":{"0":"post-3410914","1":"product","2":"type-product","3":"status-publish","4":"has-post-thumbnail","6":"product_brand-starbrite-de","7":"product_cat-reinigungsbuersten","9":"first","10":"instock","11":"shipping-taxable","12":"purchasable","13":"product-type-simple"},"_links":{"self":[{"href":"https:\/\/stoic-curie.212-227-153-4.plesk.page\/de\/wp-json\/wp\/v2\/product\/3410914","targetHints":{"allow":["GET"]}}],"collection":[{"href":"https:\/\/stoic-curie.212-227-153-4.plesk.page\/de\/wp-json\/wp\/v2\/product"}],"about":[{"href":"https:\/\/stoic-curie.212-227-153-4.plesk.page\/de\/wp-json\/wp\/v2\/types\/product"}],"replies":[{"embeddable":true,"href":"https:\/\/stoic-curie.212-227-153-4.plesk.page\/de\/wp-json\/wp\/v2\/comments?post=3410914"}],"version-history":[{"count":0,"href":"https:\/\/stoic-curie.212-227-153-4.plesk.page\/de\/wp-json\/wp\/v2\/product\/3410914\/revisions"}],"wp:featuredmedia":[{"embeddable":true,"href":"https:\/\/stoic-curie.212-227-153-4.plesk.page\/de\/wp-json\/wp\/v2\/media\/5940694"}],"wp:attachment":[{"href":"https:\/\/stoic-curie.212-227-153-4.plesk.page\/de\/wp-json\/wp\/v2\/media?parent=3410914"}],"wp:term":[{"taxonomy":"product_brand","embeddable":true,"href":"https:\/\/stoic-curie.212-227-153-4.plesk.page\/de\/wp-json\/wp\/v2\/product_brand?post=3410914"},{"taxonomy":"product_cat","embeddable":true,"href":"https:\/\/stoic-curie.212-227-153-4.plesk.page\/de\/wp-json\/wp\/v2\/product_cat?post=3410914"},{"taxonomy":"product_tag","embeddable":true,"href":"https:\/\/stoic-curie.212-227-153-4.plesk.page\/de\/wp-json\/wp\/v2\/product_tag?post=3410914"}],"curies":[{"name":"wp","href":"https:\/\/api.w.org\/{rel}","templated":true}]}}