{"id":3410924,"date":"2025-10-09T22:44:30","date_gmt":"2025-10-10T02:44:30","guid":{"rendered":"https:\/\/stoic-curie.212-227-153-4.plesk.page\/product\/star-brite-scheuerpadhalter\/"},"modified":"2026-02-24T23:34:54","modified_gmt":"2026-02-24T23:34:54","slug":"star-brite-scheuerpadhalter","status":"publish","type":"product","link":"https:\/\/stoic-curie.212-227-153-4.plesk.page\/de\/product\/star-brite-scheuerpadhalter\/","title":{"rendered":"Star Brite Scheuerpadhalter"},"content":{"rendered":"<p>Star Brite Scheuerpadhalter &#8211; <\/p>\n<p>Drehhalter mit einem gepolsterten Reinigungspad f\u00fcr die Reinigung aller Oberfl\u00e4chen und Ecken. Das gepolsterte Reinigungspad erm\u00f6glicht ein einfaches und schnelles Reinigen. Erh\u00e4ltlich mit drei verschiedenen Pads: <br \/>\u2022 Weiches Pad in Wei\u00df <br \/>\u2022 Mittleres Pad in Rot <br \/>\u2022 Grobes Pad in Schwarz <br \/>Das mittlere rote Pad ist im Lieferumfang enthalten. Passt auf alle Star Brite Griffe.<\/p>\n","protected":false},"excerpt":{"rendered":"<p>Star Brite Scheuerpadhalter &#8211; Drehhalter mit einem gepolsterten Reinigungspad f\u00fcr die Reinigung aller Oberfl\u00e4chen und Ecken. Das gepolsterte Reinigungspad erm\u00f6glicht<\/p>\n","protected":false},"featured_media":5940698,"comment_status":"closed","ping_status":"closed","template":"","meta":[],"product_brand":[3435],"product_cat":[1346],"product_tag":[],"class_list":{"0":"post-3410924","1":"product","2":"type-product","3":"status-publish","4":"has-post-thumbnail","6":"product_brand-starbrite-de","7":"product_cat-reinigungsbuersten","9":"first","10":"instock","11":"shipping-taxable","12":"purchasable","13":"product-type-simple"},"_links":{"self":[{"href":"https:\/\/stoic-curie.212-227-153-4.plesk.page\/de\/wp-json\/wp\/v2\/product\/3410924","targetHints":{"allow":["GET"]}}],"collection":[{"href":"https:\/\/stoic-curie.212-227-153-4.plesk.page\/de\/wp-json\/wp\/v2\/product"}],"about":[{"href":"https:\/\/stoic-curie.212-227-153-4.plesk.page\/de\/wp-json\/wp\/v2\/types\/product"}],"replies":[{"embeddable":true,"href":"https:\/\/stoic-curie.212-227-153-4.plesk.page\/de\/wp-json\/wp\/v2\/comments?post=3410924"}],"version-history":[{"count":0,"href":"https:\/\/stoic-curie.212-227-153-4.plesk.page\/de\/wp-json\/wp\/v2\/product\/3410924\/revisions"}],"wp:featuredmedia":[{"embeddable":true,"href":"https:\/\/stoic-curie.212-227-153-4.plesk.page\/de\/wp-json\/wp\/v2\/media\/5940698"}],"wp:attachment":[{"href":"https:\/\/stoic-curie.212-227-153-4.plesk.page\/de\/wp-json\/wp\/v2\/media?parent=3410924"}],"wp:term":[{"taxonomy":"product_brand","embeddable":true,"href":"https:\/\/stoic-curie.212-227-153-4.plesk.page\/de\/wp-json\/wp\/v2\/product_brand?post=3410924"},{"taxonomy":"product_cat","embeddable":true,"href":"https:\/\/stoic-curie.212-227-153-4.plesk.page\/de\/wp-json\/wp\/v2\/product_cat?post=3410924"},{"taxonomy":"product_tag","embeddable":true,"href":"https:\/\/stoic-curie.212-227-153-4.plesk.page\/de\/wp-json\/wp\/v2\/product_tag?post=3410924"}],"curies":[{"name":"wp","href":"https:\/\/api.w.org\/{rel}","templated":true}]}}