{"id":3410980,"date":"2025-10-09T22:44:32","date_gmt":"2025-10-10T02:44:32","guid":{"rendered":"https:\/\/stoic-curie.212-227-153-4.plesk.page\/product\/handgriff-star-brite-zelluloseschwamm-gelb\/"},"modified":"2026-02-24T23:34:54","modified_gmt":"2026-02-24T23:34:54","slug":"handgriff-star-brite-zelluloseschwamm-gelb","status":"publish","type":"product","link":"https:\/\/stoic-curie.212-227-153-4.plesk.page\/de\/product\/handgriff-star-brite-zelluloseschwamm-gelb\/","title":{"rendered":"Handgriff Star Brite Zelluloseschwamm Gelb"},"content":{"rendered":"<p>Handgriff Star Brite Zelluloseschwamm Gelb &#8211; <\/p>\n<p>Hochwertige, superabsorbierende und langlebige Schw\u00e4mme. Ergonomisches Design f\u00fcr einfaches Greifen, geeignet f\u00fcr alle Arten von Reinigungen.<\/p>\n","protected":false},"excerpt":{"rendered":"<p>Handgriff Star Brite Zelluloseschwamm Gelb &#8211; Hochwertige, superabsorbierende und langlebige Schw\u00e4mme. Ergonomisches Design f\u00fcr einfaches Greifen, geeignet f\u00fcr alle Arten<\/p>\n","protected":false},"featured_media":5940701,"comment_status":"closed","ping_status":"closed","template":"","meta":[],"product_brand":[3435],"product_cat":[1346],"product_tag":[],"class_list":{"0":"post-3410980","1":"product","2":"type-product","3":"status-publish","4":"has-post-thumbnail","6":"product_brand-starbrite-de","7":"product_cat-reinigungsbuersten","9":"first","10":"instock","11":"shipping-taxable","12":"purchasable","13":"product-type-simple"},"_links":{"self":[{"href":"https:\/\/stoic-curie.212-227-153-4.plesk.page\/de\/wp-json\/wp\/v2\/product\/3410980","targetHints":{"allow":["GET"]}}],"collection":[{"href":"https:\/\/stoic-curie.212-227-153-4.plesk.page\/de\/wp-json\/wp\/v2\/product"}],"about":[{"href":"https:\/\/stoic-curie.212-227-153-4.plesk.page\/de\/wp-json\/wp\/v2\/types\/product"}],"replies":[{"embeddable":true,"href":"https:\/\/stoic-curie.212-227-153-4.plesk.page\/de\/wp-json\/wp\/v2\/comments?post=3410980"}],"version-history":[{"count":0,"href":"https:\/\/stoic-curie.212-227-153-4.plesk.page\/de\/wp-json\/wp\/v2\/product\/3410980\/revisions"}],"wp:featuredmedia":[{"embeddable":true,"href":"https:\/\/stoic-curie.212-227-153-4.plesk.page\/de\/wp-json\/wp\/v2\/media\/5940701"}],"wp:attachment":[{"href":"https:\/\/stoic-curie.212-227-153-4.plesk.page\/de\/wp-json\/wp\/v2\/media?parent=3410980"}],"wp:term":[{"taxonomy":"product_brand","embeddable":true,"href":"https:\/\/stoic-curie.212-227-153-4.plesk.page\/de\/wp-json\/wp\/v2\/product_brand?post=3410980"},{"taxonomy":"product_cat","embeddable":true,"href":"https:\/\/stoic-curie.212-227-153-4.plesk.page\/de\/wp-json\/wp\/v2\/product_cat?post=3410980"},{"taxonomy":"product_tag","embeddable":true,"href":"https:\/\/stoic-curie.212-227-153-4.plesk.page\/de\/wp-json\/wp\/v2\/product_tag?post=3410980"}],"curies":[{"name":"wp","href":"https:\/\/api.w.org\/{rel}","templated":true}]}}