{"id":3411002,"date":"2025-10-09T22:44:33","date_gmt":"2025-10-10T02:44:33","guid":{"rendered":"https:\/\/stoic-curie.212-227-153-4.plesk.page\/product\/oel-und-kraftstoff-einweg-absorptionspad-48x43-cm\/"},"modified":"2026-02-24T23:34:54","modified_gmt":"2026-02-24T23:34:54","slug":"oel-und-kraftstoff-einweg-absorptionspad-48x43-cm","status":"publish","type":"product","link":"https:\/\/stoic-curie.212-227-153-4.plesk.page\/de\/product\/oel-und-kraftstoff-einweg-absorptionspad-48x43-cm\/","title":{"rendered":"\u00d6l- und Kraftstoff-Einweg-Absorptionspad 48&#215;43 cm"},"content":{"rendered":"<p>\u00d6l- und Kraftstoff-Einweg-Absorptionspad 48&#215;43 cm &#8211; <\/p>\n<p>Spezielle Materialpolster, die \u00d6l und Kraftstoff aufnehmen, aber kein Wasser absorbieren. Sie k\u00f6nnen das 20- bis 30-Fache ihres Gewichts an \u00d6l oder Kraftstoff aufnehmen und in der Bilge oder dem Maschinenraum platziert werden. Sie stellen die effektivste Methode dar, um ein \u00d6l- oder Kraftstoffleck zu beseitigen oder zu vermeiden.<\/p>\n","protected":false},"excerpt":{"rendered":"<p>\u00d6l- und Kraftstoff-Einweg-Absorptionspad 48&#215;43 cm &#8211; Spezielle Materialpolster, die \u00d6l und Kraftstoff aufnehmen, aber kein Wasser absorbieren. Sie k\u00f6nnen das<\/p>\n","protected":false},"featured_media":5940704,"comment_status":"closed","ping_status":"closed","template":"","meta":[],"product_brand":[2870],"product_cat":[1343],"product_tag":[],"class_list":{"0":"post-3411002","1":"product","2":"type-product","3":"status-publish","4":"has-post-thumbnail","6":"product_brand-crc-marine-de","7":"product_cat-oel-und-kraftstoffabsorber","9":"first","10":"instock","11":"shipping-taxable","12":"purchasable","13":"product-type-simple"},"_links":{"self":[{"href":"https:\/\/stoic-curie.212-227-153-4.plesk.page\/de\/wp-json\/wp\/v2\/product\/3411002","targetHints":{"allow":["GET"]}}],"collection":[{"href":"https:\/\/stoic-curie.212-227-153-4.plesk.page\/de\/wp-json\/wp\/v2\/product"}],"about":[{"href":"https:\/\/stoic-curie.212-227-153-4.plesk.page\/de\/wp-json\/wp\/v2\/types\/product"}],"replies":[{"embeddable":true,"href":"https:\/\/stoic-curie.212-227-153-4.plesk.page\/de\/wp-json\/wp\/v2\/comments?post=3411002"}],"version-history":[{"count":0,"href":"https:\/\/stoic-curie.212-227-153-4.plesk.page\/de\/wp-json\/wp\/v2\/product\/3411002\/revisions"}],"wp:featuredmedia":[{"embeddable":true,"href":"https:\/\/stoic-curie.212-227-153-4.plesk.page\/de\/wp-json\/wp\/v2\/media\/5940704"}],"wp:attachment":[{"href":"https:\/\/stoic-curie.212-227-153-4.plesk.page\/de\/wp-json\/wp\/v2\/media?parent=3411002"}],"wp:term":[{"taxonomy":"product_brand","embeddable":true,"href":"https:\/\/stoic-curie.212-227-153-4.plesk.page\/de\/wp-json\/wp\/v2\/product_brand?post=3411002"},{"taxonomy":"product_cat","embeddable":true,"href":"https:\/\/stoic-curie.212-227-153-4.plesk.page\/de\/wp-json\/wp\/v2\/product_cat?post=3411002"},{"taxonomy":"product_tag","embeddable":true,"href":"https:\/\/stoic-curie.212-227-153-4.plesk.page\/de\/wp-json\/wp\/v2\/product_tag?post=3411002"}],"curies":[{"name":"wp","href":"https:\/\/api.w.org\/{rel}","templated":true}]}}