{"id":3411050,"date":"2025-10-09T22:44:35","date_gmt":"2025-10-10T02:44:35","guid":{"rendered":"https:\/\/stoic-curie.212-227-153-4.plesk.page\/product\/rubbaweld-selbstverbindungsband-25mm-x-5-m-schwarz\/"},"modified":"2026-02-24T23:34:54","modified_gmt":"2026-02-24T23:34:54","slug":"rubbaweld-selbstverbindungsband-25mm-x-5-m-schwarz","status":"publish","type":"product","link":"https:\/\/stoic-curie.212-227-153-4.plesk.page\/de\/product\/rubbaweld-selbstverbindungsband-25mm-x-5-m-schwarz\/","title":{"rendered":"Rubbaweld Selbstverbindungsband 25mm x 5 m Schwarz"},"content":{"rendered":"<p>Rubbaweld Selbstverbindungsband 25mm x 5 m Schwarz &#8211; <\/p>\n<p>Rubbaweld selbstverschmelzendes Gummiband, weltber\u00fchmt f\u00fcr seine maritimen Eigenschaften. Es ist wasserdicht und sch\u00fctzt elektrische Anschl\u00fcsse und Verbindungen. Es wird auch verwendet, um Drahtenden und Spannschl\u00f6sser zu verdecken und zu sch\u00fctzen.<\/p>\n","protected":false},"excerpt":{"rendered":"<p>Rubbaweld Selbstverbindungsband 25mm x 5 m Schwarz &#8211; Rubbaweld selbstverschmelzendes Gummiband, weltber\u00fchmt f\u00fcr seine maritimen Eigenschaften. Es ist wasserdicht und<\/p>\n","protected":false},"featured_media":5940710,"comment_status":"closed","ping_status":"closed","template":"","meta":[],"product_brand":[3235],"product_cat":[1340],"product_tag":[],"class_list":{"0":"post-3411050","1":"product","2":"type-product","3":"status-publish","4":"has-post-thumbnail","6":"product_brand-osculati-de","7":"product_cat-reparaturbaender","9":"first","10":"instock","11":"shipping-taxable","12":"purchasable","13":"product-type-simple"},"_links":{"self":[{"href":"https:\/\/stoic-curie.212-227-153-4.plesk.page\/de\/wp-json\/wp\/v2\/product\/3411050","targetHints":{"allow":["GET"]}}],"collection":[{"href":"https:\/\/stoic-curie.212-227-153-4.plesk.page\/de\/wp-json\/wp\/v2\/product"}],"about":[{"href":"https:\/\/stoic-curie.212-227-153-4.plesk.page\/de\/wp-json\/wp\/v2\/types\/product"}],"replies":[{"embeddable":true,"href":"https:\/\/stoic-curie.212-227-153-4.plesk.page\/de\/wp-json\/wp\/v2\/comments?post=3411050"}],"version-history":[{"count":0,"href":"https:\/\/stoic-curie.212-227-153-4.plesk.page\/de\/wp-json\/wp\/v2\/product\/3411050\/revisions"}],"wp:featuredmedia":[{"embeddable":true,"href":"https:\/\/stoic-curie.212-227-153-4.plesk.page\/de\/wp-json\/wp\/v2\/media\/5940710"}],"wp:attachment":[{"href":"https:\/\/stoic-curie.212-227-153-4.plesk.page\/de\/wp-json\/wp\/v2\/media?parent=3411050"}],"wp:term":[{"taxonomy":"product_brand","embeddable":true,"href":"https:\/\/stoic-curie.212-227-153-4.plesk.page\/de\/wp-json\/wp\/v2\/product_brand?post=3411050"},{"taxonomy":"product_cat","embeddable":true,"href":"https:\/\/stoic-curie.212-227-153-4.plesk.page\/de\/wp-json\/wp\/v2\/product_cat?post=3411050"},{"taxonomy":"product_tag","embeddable":true,"href":"https:\/\/stoic-curie.212-227-153-4.plesk.page\/de\/wp-json\/wp\/v2\/product_tag?post=3411050"}],"curies":[{"name":"wp","href":"https:\/\/api.w.org\/{rel}","templated":true}]}}