{"id":3411065,"date":"2025-10-09T22:44:35","date_gmt":"2025-10-10T02:44:35","guid":{"rendered":"https:\/\/stoic-curie.212-227-153-4.plesk.page\/product\/rubbaweld-selbstverbindungsband-25mm-x-10-m-schwarz\/"},"modified":"2026-02-24T23:34:54","modified_gmt":"2026-02-24T23:34:54","slug":"rubbaweld-selbstverbindungsband-25mm-x-10-m-schwarz","status":"publish","type":"product","link":"https:\/\/stoic-curie.212-227-153-4.plesk.page\/de\/product\/rubbaweld-selbstverbindungsband-25mm-x-10-m-schwarz\/","title":{"rendered":"Rubbaweld Selbstverbindungsband 25mm x 10 m Schwarz"},"content":{"rendered":"<p>Rubbaweld Selbstverbindungsband 25mm x 10 m Schwarz &#8211; <\/p>\n<p>Rubbaweld selbstverschmelzendes Gummiband, weltber\u00fchmt f\u00fcr seine maritimen Eigenschaften. Es macht elektrische Anschl\u00fcsse und Verbindungen wasserdicht. Auch zur Abdeckung und zum Schutz von Drahtenden und Kauschern verwendet.<\/p>\n","protected":false},"excerpt":{"rendered":"<p>Rubbaweld Selbstverbindungsband 25mm x 10 m Schwarz &#8211; Rubbaweld selbstverschmelzendes Gummiband, weltber\u00fchmt f\u00fcr seine maritimen Eigenschaften. Es macht elektrische Anschl\u00fcsse<\/p>\n","protected":false},"featured_media":5940710,"comment_status":"closed","ping_status":"closed","template":"","meta":[],"product_brand":[3235],"product_cat":[1340,1484],"product_tag":[],"class_list":{"0":"post-3411065","1":"product","2":"type-product","3":"status-publish","4":"has-post-thumbnail","6":"product_brand-osculati-de","7":"product_cat-reparaturbaender","8":"product_cat-zubehoer-fuer-segelboote","10":"first","11":"instock","12":"shipping-taxable","13":"purchasable","14":"product-type-simple"},"_links":{"self":[{"href":"https:\/\/stoic-curie.212-227-153-4.plesk.page\/de\/wp-json\/wp\/v2\/product\/3411065","targetHints":{"allow":["GET"]}}],"collection":[{"href":"https:\/\/stoic-curie.212-227-153-4.plesk.page\/de\/wp-json\/wp\/v2\/product"}],"about":[{"href":"https:\/\/stoic-curie.212-227-153-4.plesk.page\/de\/wp-json\/wp\/v2\/types\/product"}],"replies":[{"embeddable":true,"href":"https:\/\/stoic-curie.212-227-153-4.plesk.page\/de\/wp-json\/wp\/v2\/comments?post=3411065"}],"version-history":[{"count":0,"href":"https:\/\/stoic-curie.212-227-153-4.plesk.page\/de\/wp-json\/wp\/v2\/product\/3411065\/revisions"}],"wp:featuredmedia":[{"embeddable":true,"href":"https:\/\/stoic-curie.212-227-153-4.plesk.page\/de\/wp-json\/wp\/v2\/media\/5940710"}],"wp:attachment":[{"href":"https:\/\/stoic-curie.212-227-153-4.plesk.page\/de\/wp-json\/wp\/v2\/media?parent=3411065"}],"wp:term":[{"taxonomy":"product_brand","embeddable":true,"href":"https:\/\/stoic-curie.212-227-153-4.plesk.page\/de\/wp-json\/wp\/v2\/product_brand?post=3411065"},{"taxonomy":"product_cat","embeddable":true,"href":"https:\/\/stoic-curie.212-227-153-4.plesk.page\/de\/wp-json\/wp\/v2\/product_cat?post=3411065"},{"taxonomy":"product_tag","embeddable":true,"href":"https:\/\/stoic-curie.212-227-153-4.plesk.page\/de\/wp-json\/wp\/v2\/product_tag?post=3411065"}],"curies":[{"name":"wp","href":"https:\/\/api.w.org\/{rel}","templated":true}]}}