{"id":3411260,"date":"2025-10-09T22:44:43","date_gmt":"2025-10-10T02:44:43","guid":{"rendered":"https:\/\/stoic-curie.212-227-153-4.plesk.page\/product\/rinstop-reparaturband-fuer-spinnaker-fluoreszierendes-gruen-45m-x-50mm\/"},"modified":"2026-02-24T23:34:54","modified_gmt":"2026-02-24T23:34:54","slug":"rinstop-reparaturband-fuer-spinnaker-fluoreszierendes-gruen-45m-x-50mm","status":"publish","type":"product","link":"https:\/\/stoic-curie.212-227-153-4.plesk.page\/de\/product\/rinstop-reparaturband-fuer-spinnaker-fluoreszierendes-gruen-45m-x-50mm\/","title":{"rendered":"Rinstop-Reparaturband f\u00fcr Spinnaker Fluoreszierendes Gr\u00fcn 4,5m x 50mm"},"content":{"rendered":"<p>Rinstop-Reparaturband f\u00fcr Spinnaker Fluoreszierendes Gr\u00fcn 4,5m x 50mm &#8211; <\/p>\n<p>Sehr leichtes, aber starkes Ripstop-Spinnakerband f\u00fcr leichte Segel und sofortige Reparaturen von Spinnakern.<\/p>\n","protected":false},"excerpt":{"rendered":"<p>Rinstop-Reparaturband f\u00fcr Spinnaker Fluoreszierendes Gr\u00fcn 4,5m x 50mm &#8211; Sehr leichtes, aber starkes Ripstop-Spinnakerband f\u00fcr leichte Segel und sofortige Reparaturen<\/p>\n","protected":false},"featured_media":5940715,"comment_status":"closed","ping_status":"closed","template":"","meta":[],"product_brand":[3235],"product_cat":[1340,1484],"product_tag":[],"class_list":{"0":"post-3411260","1":"product","2":"type-product","3":"status-publish","4":"has-post-thumbnail","6":"product_brand-osculati-de","7":"product_cat-reparaturbaender","8":"product_cat-zubehoer-fuer-segelboote","10":"first","11":"instock","12":"shipping-taxable","13":"purchasable","14":"product-type-simple"},"_links":{"self":[{"href":"https:\/\/stoic-curie.212-227-153-4.plesk.page\/de\/wp-json\/wp\/v2\/product\/3411260","targetHints":{"allow":["GET"]}}],"collection":[{"href":"https:\/\/stoic-curie.212-227-153-4.plesk.page\/de\/wp-json\/wp\/v2\/product"}],"about":[{"href":"https:\/\/stoic-curie.212-227-153-4.plesk.page\/de\/wp-json\/wp\/v2\/types\/product"}],"replies":[{"embeddable":true,"href":"https:\/\/stoic-curie.212-227-153-4.plesk.page\/de\/wp-json\/wp\/v2\/comments?post=3411260"}],"version-history":[{"count":0,"href":"https:\/\/stoic-curie.212-227-153-4.plesk.page\/de\/wp-json\/wp\/v2\/product\/3411260\/revisions"}],"wp:featuredmedia":[{"embeddable":true,"href":"https:\/\/stoic-curie.212-227-153-4.plesk.page\/de\/wp-json\/wp\/v2\/media\/5940715"}],"wp:attachment":[{"href":"https:\/\/stoic-curie.212-227-153-4.plesk.page\/de\/wp-json\/wp\/v2\/media?parent=3411260"}],"wp:term":[{"taxonomy":"product_brand","embeddable":true,"href":"https:\/\/stoic-curie.212-227-153-4.plesk.page\/de\/wp-json\/wp\/v2\/product_brand?post=3411260"},{"taxonomy":"product_cat","embeddable":true,"href":"https:\/\/stoic-curie.212-227-153-4.plesk.page\/de\/wp-json\/wp\/v2\/product_cat?post=3411260"},{"taxonomy":"product_tag","embeddable":true,"href":"https:\/\/stoic-curie.212-227-153-4.plesk.page\/de\/wp-json\/wp\/v2\/product_tag?post=3411260"}],"curies":[{"name":"wp","href":"https:\/\/api.w.org\/{rel}","templated":true}]}}