{"id":3411316,"date":"2025-10-09T22:44:45","date_gmt":"2025-10-10T02:44:45","guid":{"rendered":"https:\/\/stoic-curie.212-227-153-4.plesk.page\/product\/selbstklebende-vinyl-wasserlinienstreifen-hellblau-20-mm-x-10-m\/"},"modified":"2026-02-24T23:34:54","modified_gmt":"2026-02-24T23:34:54","slug":"selbstklebende-vinyl-wasserlinienstreifen-hellblau-20-mm-x-10-m","status":"publish","type":"product","link":"https:\/\/stoic-curie.212-227-153-4.plesk.page\/de\/product\/selbstklebende-vinyl-wasserlinienstreifen-hellblau-20-mm-x-10-m\/","title":{"rendered":"Selbstklebende Vinyl-Wasserlinienstreifen Hellblau 20 mm x 10 m"},"content":{"rendered":"<p>Selbstklebende Vinyl-Wasserlinienstreifen Hellblau 20 mm x 10 m &#8211; <\/p>\n<p>Stabilisierte Vinyl-Wasserlinienstreifen in herausragender Qualit\u00e4t mit selbstklebender Oberfl\u00e4che. Temperaturwechsel, UV-Strahlen und wetterfest. Hergestellt mit einer leicht abl\u00f6sbaren Schutzfolie f\u00fcr eine einfache Anwendung.<\/p>\n","protected":false},"excerpt":{"rendered":"<p>Selbstklebende Vinyl-Wasserlinienstreifen Hellblau 20 mm x 10 m &#8211; Stabilisierte Vinyl-Wasserlinienstreifen in herausragender Qualit\u00e4t mit selbstklebender Oberfl\u00e4che. Temperaturwechsel, UV-Strahlen und<\/p>\n","protected":false},"featured_media":5940720,"comment_status":"closed","ping_status":"closed","template":"","meta":[],"product_brand":[3235],"product_cat":[1351],"product_tag":[],"class_list":{"0":"post-3411316","1":"product","2":"type-product","3":"status-publish","4":"has-post-thumbnail","6":"product_brand-osculati-de","7":"product_cat-klebeband-fuer-wasserlinien","9":"first","10":"instock","11":"shipping-taxable","12":"purchasable","13":"product-type-simple"},"_links":{"self":[{"href":"https:\/\/stoic-curie.212-227-153-4.plesk.page\/de\/wp-json\/wp\/v2\/product\/3411316","targetHints":{"allow":["GET"]}}],"collection":[{"href":"https:\/\/stoic-curie.212-227-153-4.plesk.page\/de\/wp-json\/wp\/v2\/product"}],"about":[{"href":"https:\/\/stoic-curie.212-227-153-4.plesk.page\/de\/wp-json\/wp\/v2\/types\/product"}],"replies":[{"embeddable":true,"href":"https:\/\/stoic-curie.212-227-153-4.plesk.page\/de\/wp-json\/wp\/v2\/comments?post=3411316"}],"version-history":[{"count":0,"href":"https:\/\/stoic-curie.212-227-153-4.plesk.page\/de\/wp-json\/wp\/v2\/product\/3411316\/revisions"}],"wp:featuredmedia":[{"embeddable":true,"href":"https:\/\/stoic-curie.212-227-153-4.plesk.page\/de\/wp-json\/wp\/v2\/media\/5940720"}],"wp:attachment":[{"href":"https:\/\/stoic-curie.212-227-153-4.plesk.page\/de\/wp-json\/wp\/v2\/media?parent=3411316"}],"wp:term":[{"taxonomy":"product_brand","embeddable":true,"href":"https:\/\/stoic-curie.212-227-153-4.plesk.page\/de\/wp-json\/wp\/v2\/product_brand?post=3411316"},{"taxonomy":"product_cat","embeddable":true,"href":"https:\/\/stoic-curie.212-227-153-4.plesk.page\/de\/wp-json\/wp\/v2\/product_cat?post=3411316"},{"taxonomy":"product_tag","embeddable":true,"href":"https:\/\/stoic-curie.212-227-153-4.plesk.page\/de\/wp-json\/wp\/v2\/product_tag?post=3411316"}],"curies":[{"name":"wp","href":"https:\/\/api.w.org\/{rel}","templated":true}]}}