{"id":3411345,"date":"2025-10-09T22:44:46","date_gmt":"2025-10-10T02:44:46","guid":{"rendered":"https:\/\/stoic-curie.212-227-153-4.plesk.page\/product\/electrical-sealant-star-brite-120ml\/"},"modified":"2026-02-24T23:34:54","modified_gmt":"2026-02-24T23:34:54","slug":"electrical-sealant-star-brite-120ml","status":"publish","type":"product","link":"https:\/\/stoic-curie.212-227-153-4.plesk.page\/de\/product\/electrical-sealant-star-brite-120ml\/","title":{"rendered":"Electrical Sealant Star Brite 120ml"},"content":{"rendered":"<p>Electrical Sealant Star Brite 120ml &#8211; <\/p>\n<p>Schnelltrocknender farbiger Fl\u00fcssigdichtstoff f\u00fcr elektrische Verbindungen. Er bildet einen sch\u00fctzenden dielektrischen, wasserdichten und widerstandsf\u00e4higen \u00dcberzug. Verhindert Korrosion an Dr\u00e4hten und Anschl\u00fcssen und kennzeichnet deren Funktion und Position. Praktische Dose mit integriertem kleinen Pinsel.<\/p>\n","protected":false},"excerpt":{"rendered":"<p>Electrical Sealant Star Brite 120ml &#8211; Schnelltrocknender farbiger Fl\u00fcssigdichtstoff f\u00fcr elektrische Verbindungen. Er bildet einen sch\u00fctzenden dielektrischen, wasserdichten und widerstandsf\u00e4higen<\/p>\n","protected":false},"featured_media":5940724,"comment_status":"closed","ping_status":"closed","template":"","meta":[],"product_brand":[3435],"product_cat":[1453,1350],"product_tag":[],"class_list":{"0":"post-3411345","1":"product","2":"type-product","3":"status-publish","4":"has-post-thumbnail","6":"product_brand-starbrite-de","7":"product_cat-elektrozubehoer","8":"product_cat-klebstoffe-und-dichtungsmassen","10":"first","11":"outofstock","12":"shipping-taxable","13":"purchasable","14":"product-type-simple"},"_links":{"self":[{"href":"https:\/\/stoic-curie.212-227-153-4.plesk.page\/de\/wp-json\/wp\/v2\/product\/3411345","targetHints":{"allow":["GET"]}}],"collection":[{"href":"https:\/\/stoic-curie.212-227-153-4.plesk.page\/de\/wp-json\/wp\/v2\/product"}],"about":[{"href":"https:\/\/stoic-curie.212-227-153-4.plesk.page\/de\/wp-json\/wp\/v2\/types\/product"}],"replies":[{"embeddable":true,"href":"https:\/\/stoic-curie.212-227-153-4.plesk.page\/de\/wp-json\/wp\/v2\/comments?post=3411345"}],"version-history":[{"count":0,"href":"https:\/\/stoic-curie.212-227-153-4.plesk.page\/de\/wp-json\/wp\/v2\/product\/3411345\/revisions"}],"wp:featuredmedia":[{"embeddable":true,"href":"https:\/\/stoic-curie.212-227-153-4.plesk.page\/de\/wp-json\/wp\/v2\/media\/5940724"}],"wp:attachment":[{"href":"https:\/\/stoic-curie.212-227-153-4.plesk.page\/de\/wp-json\/wp\/v2\/media?parent=3411345"}],"wp:term":[{"taxonomy":"product_brand","embeddable":true,"href":"https:\/\/stoic-curie.212-227-153-4.plesk.page\/de\/wp-json\/wp\/v2\/product_brand?post=3411345"},{"taxonomy":"product_cat","embeddable":true,"href":"https:\/\/stoic-curie.212-227-153-4.plesk.page\/de\/wp-json\/wp\/v2\/product_cat?post=3411345"},{"taxonomy":"product_tag","embeddable":true,"href":"https:\/\/stoic-curie.212-227-153-4.plesk.page\/de\/wp-json\/wp\/v2\/product_tag?post=3411345"}],"curies":[{"name":"wp","href":"https:\/\/api.w.org\/{rel}","templated":true}]}}