{"id":3411348,"date":"2025-10-09T22:44:46","date_gmt":"2025-10-10T02:44:46","guid":{"rendered":"https:\/\/stoic-curie.212-227-153-4.plesk.page\/product\/klebstoff-und-dichtmittel-aquaseal-1-tube-28-g\/"},"modified":"2026-02-24T23:34:54","modified_gmt":"2026-02-24T23:34:54","slug":"klebstoff-und-dichtmittel-aquaseal-1-tube-28-g","status":"publish","type":"product","link":"https:\/\/stoic-curie.212-227-153-4.plesk.page\/de\/product\/klebstoff-und-dichtmittel-aquaseal-1-tube-28-g\/","title":{"rendered":"Klebstoff und Dichtmittel Aquaseal, 1 Tube 28 g"},"content":{"rendered":"<p>Klebstoff und Dichtmittel Aquaseal, 1 Tube 28 g &#8211; <\/p>\n<p>Polyurethan-Gummi-Kleberdichtung f\u00fcr permanente wasserdichte Reparaturen von Durchstichen, Rissen und N\u00e4hten an Angel- und Wassersportger\u00e4ten, Kajaks, Trockenanz\u00fcgen, Stiefeln, Zelten und M\u00e4nteln. Flexibel kann sie kleine fehlende Teile ohne den Einsatz von Flicken rekonstruieren.<\/p>\n","protected":false},"excerpt":{"rendered":"<p>Klebstoff und Dichtmittel Aquaseal, 1 Tube 28 g &#8211; Polyurethan-Gummi-Kleberdichtung f\u00fcr permanente wasserdichte Reparaturen von Durchstichen, Rissen und N\u00e4hten an<\/p>\n","protected":false},"featured_media":5940725,"comment_status":"closed","ping_status":"closed","template":"","meta":[],"product_brand":[2870],"product_cat":[1350],"product_tag":[],"class_list":{"0":"post-3411348","1":"product","2":"type-product","3":"status-publish","4":"has-post-thumbnail","6":"product_brand-crc-marine-de","7":"product_cat-klebstoffe-und-dichtungsmassen","9":"first","10":"instock","11":"shipping-taxable","12":"purchasable","13":"product-type-simple"},"_links":{"self":[{"href":"https:\/\/stoic-curie.212-227-153-4.plesk.page\/de\/wp-json\/wp\/v2\/product\/3411348","targetHints":{"allow":["GET"]}}],"collection":[{"href":"https:\/\/stoic-curie.212-227-153-4.plesk.page\/de\/wp-json\/wp\/v2\/product"}],"about":[{"href":"https:\/\/stoic-curie.212-227-153-4.plesk.page\/de\/wp-json\/wp\/v2\/types\/product"}],"replies":[{"embeddable":true,"href":"https:\/\/stoic-curie.212-227-153-4.plesk.page\/de\/wp-json\/wp\/v2\/comments?post=3411348"}],"version-history":[{"count":0,"href":"https:\/\/stoic-curie.212-227-153-4.plesk.page\/de\/wp-json\/wp\/v2\/product\/3411348\/revisions"}],"wp:featuredmedia":[{"embeddable":true,"href":"https:\/\/stoic-curie.212-227-153-4.plesk.page\/de\/wp-json\/wp\/v2\/media\/5940725"}],"wp:attachment":[{"href":"https:\/\/stoic-curie.212-227-153-4.plesk.page\/de\/wp-json\/wp\/v2\/media?parent=3411348"}],"wp:term":[{"taxonomy":"product_brand","embeddable":true,"href":"https:\/\/stoic-curie.212-227-153-4.plesk.page\/de\/wp-json\/wp\/v2\/product_brand?post=3411348"},{"taxonomy":"product_cat","embeddable":true,"href":"https:\/\/stoic-curie.212-227-153-4.plesk.page\/de\/wp-json\/wp\/v2\/product_cat?post=3411348"},{"taxonomy":"product_tag","embeddable":true,"href":"https:\/\/stoic-curie.212-227-153-4.plesk.page\/de\/wp-json\/wp\/v2\/product_tag?post=3411348"}],"curies":[{"name":"wp","href":"https:\/\/api.w.org\/{rel}","templated":true}]}}