{"id":3411365,"date":"2025-10-09T22:44:46","date_gmt":"2025-10-10T02:44:46","guid":{"rendered":"https:\/\/stoic-curie.212-227-153-4.plesk.page\/product\/gelcoat-farbe-weiss-1-kg\/"},"modified":"2026-02-24T23:34:54","modified_gmt":"2026-02-24T23:34:54","slug":"gelcoat-farbe-weiss-1-kg","status":"publish","type":"product","link":"https:\/\/stoic-curie.212-227-153-4.plesk.page\/de\/product\/gelcoat-farbe-weiss-1-kg\/","title":{"rendered":"Gelcoat-Farbe Wei\u00df 1 kg"},"content":{"rendered":"<p>Gelcoat-Farbe Wei\u00df 1 kg &#8211; <\/p>\n<p>3C Gelcoat in der Dose, komplett mit H\u00e4rter. Die 0,25 kg Dose Gelcoat enth\u00e4lt Paraffin. Die 1 kg Dose Gelcoat enth\u00e4lt kein Paraffin.<\/p>\n","protected":false},"excerpt":{"rendered":"<p>Gelcoat-Farbe Wei\u00df 1 kg &#8211; 3C Gelcoat in der Dose, komplett mit H\u00e4rter. Die 0,25 kg Dose Gelcoat enth\u00e4lt Paraffin.<\/p>\n","protected":false},"featured_media":5940728,"comment_status":"closed","ping_status":"closed","template":"","meta":[],"product_brand":[2870],"product_cat":[1347,1339],"product_tag":[],"class_list":{"0":"post-3411365","1":"product","2":"type-product","3":"status-publish","4":"has-post-thumbnail","6":"product_brand-crc-marine-de","7":"product_cat-marine-lack","8":"product_cat-produkte-zur-wartung","10":"first","11":"instock","12":"shipping-taxable","13":"purchasable","14":"product-type-simple"},"_links":{"self":[{"href":"https:\/\/stoic-curie.212-227-153-4.plesk.page\/de\/wp-json\/wp\/v2\/product\/3411365","targetHints":{"allow":["GET"]}}],"collection":[{"href":"https:\/\/stoic-curie.212-227-153-4.plesk.page\/de\/wp-json\/wp\/v2\/product"}],"about":[{"href":"https:\/\/stoic-curie.212-227-153-4.plesk.page\/de\/wp-json\/wp\/v2\/types\/product"}],"replies":[{"embeddable":true,"href":"https:\/\/stoic-curie.212-227-153-4.plesk.page\/de\/wp-json\/wp\/v2\/comments?post=3411365"}],"version-history":[{"count":0,"href":"https:\/\/stoic-curie.212-227-153-4.plesk.page\/de\/wp-json\/wp\/v2\/product\/3411365\/revisions"}],"wp:featuredmedia":[{"embeddable":true,"href":"https:\/\/stoic-curie.212-227-153-4.plesk.page\/de\/wp-json\/wp\/v2\/media\/5940728"}],"wp:attachment":[{"href":"https:\/\/stoic-curie.212-227-153-4.plesk.page\/de\/wp-json\/wp\/v2\/media?parent=3411365"}],"wp:term":[{"taxonomy":"product_brand","embeddable":true,"href":"https:\/\/stoic-curie.212-227-153-4.plesk.page\/de\/wp-json\/wp\/v2\/product_brand?post=3411365"},{"taxonomy":"product_cat","embeddable":true,"href":"https:\/\/stoic-curie.212-227-153-4.plesk.page\/de\/wp-json\/wp\/v2\/product_cat?post=3411365"},{"taxonomy":"product_tag","embeddable":true,"href":"https:\/\/stoic-curie.212-227-153-4.plesk.page\/de\/wp-json\/wp\/v2\/product_tag?post=3411365"}],"curies":[{"name":"wp","href":"https:\/\/api.w.org\/{rel}","templated":true}]}}