{"id":3411448,"date":"2025-10-09T22:44:49","date_gmt":"2025-10-10T02:44:49","guid":{"rendered":"https:\/\/stoic-curie.212-227-153-4.plesk.page\/product\/epoxidharz-microcell-k15-glas-mikrokuegelchen-1-l-zweikomponentig\/"},"modified":"2026-02-24T23:34:54","modified_gmt":"2026-02-24T23:34:54","slug":"epoxidharz-microcell-k15-glas-mikrokuegelchen-1-l-zweikomponentig","status":"publish","type":"product","link":"https:\/\/stoic-curie.212-227-153-4.plesk.page\/de\/product\/epoxidharz-microcell-k15-glas-mikrokuegelchen-1-l-zweikomponentig\/","title":{"rendered":"Epoxidharz Microcell K15 Glas-Mikrok\u00fcgelchen 1 l (zweikomponentig)"},"content":{"rendered":"<p>Epoxidharz Microcell K15 Glas-Mikrok\u00fcgelchen 1 l (zweikomponentig) &#8211; <\/p>\n<p>5725105: Ultraleichte glaswei\u00dfe Mikrokugeln f\u00fcr leichte F\u00fcllungen mit Epotop-Systemharz. 5725102: Reine Cellulose-Mikrofaser f\u00fcr hochbest\u00e4ndige Putzarbeiten mit Epotop-Systemharz.<\/p>\n","protected":false},"excerpt":{"rendered":"<p>Epoxidharz Microcell K15 Glas-Mikrok\u00fcgelchen 1 l (zweikomponentig) &#8211; 5725105: Ultraleichte glaswei\u00dfe Mikrokugeln f\u00fcr leichte F\u00fcllungen mit Epotop-Systemharz. 5725102: Reine Cellulose-Mikrofaser<\/p>\n","protected":false},"featured_media":5940735,"comment_status":"closed","ping_status":"closed","template":"","meta":[],"product_brand":[2870],"product_cat":[1347],"product_tag":[],"class_list":{"0":"post-3411448","1":"product","2":"type-product","3":"status-publish","4":"has-post-thumbnail","6":"product_brand-crc-marine-de","7":"product_cat-marine-lack","9":"first","10":"instock","11":"shipping-taxable","12":"purchasable","13":"product-type-simple"},"_links":{"self":[{"href":"https:\/\/stoic-curie.212-227-153-4.plesk.page\/de\/wp-json\/wp\/v2\/product\/3411448","targetHints":{"allow":["GET"]}}],"collection":[{"href":"https:\/\/stoic-curie.212-227-153-4.plesk.page\/de\/wp-json\/wp\/v2\/product"}],"about":[{"href":"https:\/\/stoic-curie.212-227-153-4.plesk.page\/de\/wp-json\/wp\/v2\/types\/product"}],"replies":[{"embeddable":true,"href":"https:\/\/stoic-curie.212-227-153-4.plesk.page\/de\/wp-json\/wp\/v2\/comments?post=3411448"}],"version-history":[{"count":0,"href":"https:\/\/stoic-curie.212-227-153-4.plesk.page\/de\/wp-json\/wp\/v2\/product\/3411448\/revisions"}],"wp:featuredmedia":[{"embeddable":true,"href":"https:\/\/stoic-curie.212-227-153-4.plesk.page\/de\/wp-json\/wp\/v2\/media\/5940735"}],"wp:attachment":[{"href":"https:\/\/stoic-curie.212-227-153-4.plesk.page\/de\/wp-json\/wp\/v2\/media?parent=3411448"}],"wp:term":[{"taxonomy":"product_brand","embeddable":true,"href":"https:\/\/stoic-curie.212-227-153-4.plesk.page\/de\/wp-json\/wp\/v2\/product_brand?post=3411448"},{"taxonomy":"product_cat","embeddable":true,"href":"https:\/\/stoic-curie.212-227-153-4.plesk.page\/de\/wp-json\/wp\/v2\/product_cat?post=3411448"},{"taxonomy":"product_tag","embeddable":true,"href":"https:\/\/stoic-curie.212-227-153-4.plesk.page\/de\/wp-json\/wp\/v2\/product_tag?post=3411448"}],"curies":[{"name":"wp","href":"https:\/\/api.w.org\/{rel}","templated":true}]}}