{"id":3411461,"date":"2025-10-09T22:44:50","date_gmt":"2025-10-10T02:44:50","guid":{"rendered":"https:\/\/stoic-curie.212-227-153-4.plesk.page\/product\/cfg-dichtungspaste-50-ml\/"},"modified":"2026-02-24T23:34:54","modified_gmt":"2026-02-24T23:34:54","slug":"cfg-dichtungspaste-50-ml","status":"publish","type":"product","link":"https:\/\/stoic-curie.212-227-153-4.plesk.page\/de\/product\/cfg-dichtungspaste-50-ml\/","title":{"rendered":"CFG Dichtungspaste 50 ml"},"content":{"rendered":"<p>CFG Dichtungspaste 50 ml &#8211; <\/p>\n<p>CFG flexibles Dichtmittel, das vorgeformte Dichtungen von Flanschen, Kurbelgeh\u00e4usen und Motorabdeckungen ersetzt und abdichtet. Widerstandsf\u00e4hig gegen Druck, Vibrationen, Korrosion und chemische Mittel. Es l\u00e4sst mit dem Alter nicht nach.<\/p>\n","protected":false},"excerpt":{"rendered":"<p>CFG Dichtungspaste 50 ml &#8211; CFG flexibles Dichtmittel, das vorgeformte Dichtungen von Flanschen, Kurbelgeh\u00e4usen und Motorabdeckungen ersetzt und abdichtet. Widerstandsf\u00e4hig<\/p>\n","protected":false},"featured_media":5940738,"comment_status":"closed","ping_status":"closed","template":"","meta":[],"product_brand":[2870],"product_cat":[1350],"product_tag":[],"class_list":{"0":"post-3411461","1":"product","2":"type-product","3":"status-publish","4":"has-post-thumbnail","6":"product_brand-crc-marine-de","7":"product_cat-klebstoffe-und-dichtungsmassen","9":"first","10":"instock","11":"shipping-taxable","12":"purchasable","13":"product-type-simple"},"_links":{"self":[{"href":"https:\/\/stoic-curie.212-227-153-4.plesk.page\/de\/wp-json\/wp\/v2\/product\/3411461","targetHints":{"allow":["GET"]}}],"collection":[{"href":"https:\/\/stoic-curie.212-227-153-4.plesk.page\/de\/wp-json\/wp\/v2\/product"}],"about":[{"href":"https:\/\/stoic-curie.212-227-153-4.plesk.page\/de\/wp-json\/wp\/v2\/types\/product"}],"replies":[{"embeddable":true,"href":"https:\/\/stoic-curie.212-227-153-4.plesk.page\/de\/wp-json\/wp\/v2\/comments?post=3411461"}],"version-history":[{"count":0,"href":"https:\/\/stoic-curie.212-227-153-4.plesk.page\/de\/wp-json\/wp\/v2\/product\/3411461\/revisions"}],"wp:featuredmedia":[{"embeddable":true,"href":"https:\/\/stoic-curie.212-227-153-4.plesk.page\/de\/wp-json\/wp\/v2\/media\/5940738"}],"wp:attachment":[{"href":"https:\/\/stoic-curie.212-227-153-4.plesk.page\/de\/wp-json\/wp\/v2\/media?parent=3411461"}],"wp:term":[{"taxonomy":"product_brand","embeddable":true,"href":"https:\/\/stoic-curie.212-227-153-4.plesk.page\/de\/wp-json\/wp\/v2\/product_brand?post=3411461"},{"taxonomy":"product_cat","embeddable":true,"href":"https:\/\/stoic-curie.212-227-153-4.plesk.page\/de\/wp-json\/wp\/v2\/product_cat?post=3411461"},{"taxonomy":"product_tag","embeddable":true,"href":"https:\/\/stoic-curie.212-227-153-4.plesk.page\/de\/wp-json\/wp\/v2\/product_tag?post=3411461"}],"curies":[{"name":"wp","href":"https:\/\/api.w.org\/{rel}","templated":true}]}}