{"id":3411486,"date":"2025-10-09T22:44:51","date_gmt":"2025-10-10T02:44:51","guid":{"rendered":"https:\/\/stoic-curie.212-227-153-4.plesk.page\/product\/epoxy-knetstangen-star-brite-fuer-aluminium\/"},"modified":"2026-02-24T23:34:54","modified_gmt":"2026-02-24T23:34:54","slug":"epoxy-knetstangen-star-brite-fuer-aluminium","status":"publish","type":"product","link":"https:\/\/stoic-curie.212-227-153-4.plesk.page\/de\/product\/epoxy-knetstangen-star-brite-fuer-aluminium\/","title":{"rendered":"Epoxy-Knetstangen Star Brite f\u00fcr Aluminium"},"content":{"rendered":"<p>Epoxy-Knetstangen Star Brite f\u00fcr Aluminium &#8211; <\/p>\n<p>Epoxid-Knetmasse-Stick-F\u00fcllstoff f\u00fcr Reparaturen an Fiberglas, Holz, Metall und Kunststoff. Kann geschliffen, gebohrt und gewinde geschnitten werden. Aluminium-Knetmasse-Stick-F\u00fcllstoff f\u00fcr Reparaturen an Aluminium, Antriebswellen und anderen Aluminium- oder Metallteilen. Kann geschliffen, gebohrt und gewinde geschnitten werden.<\/p>\n","protected":false},"excerpt":{"rendered":"<p>Epoxy-Knetstangen Star Brite f\u00fcr Aluminium &#8211; Epoxid-Knetmasse-Stick-F\u00fcllstoff f\u00fcr Reparaturen an Fiberglas, Holz, Metall und Kunststoff. Kann geschliffen, gebohrt und gewinde<\/p>\n","protected":false},"featured_media":5940741,"comment_status":"closed","ping_status":"closed","template":"","meta":[],"product_brand":[3435],"product_cat":[1339],"product_tag":[],"class_list":{"0":"post-3411486","1":"product","2":"type-product","3":"status-publish","4":"has-post-thumbnail","6":"product_brand-starbrite-de","7":"product_cat-produkte-zur-wartung","9":"first","10":"instock","11":"shipping-taxable","12":"purchasable","13":"product-type-simple"},"_links":{"self":[{"href":"https:\/\/stoic-curie.212-227-153-4.plesk.page\/de\/wp-json\/wp\/v2\/product\/3411486","targetHints":{"allow":["GET"]}}],"collection":[{"href":"https:\/\/stoic-curie.212-227-153-4.plesk.page\/de\/wp-json\/wp\/v2\/product"}],"about":[{"href":"https:\/\/stoic-curie.212-227-153-4.plesk.page\/de\/wp-json\/wp\/v2\/types\/product"}],"replies":[{"embeddable":true,"href":"https:\/\/stoic-curie.212-227-153-4.plesk.page\/de\/wp-json\/wp\/v2\/comments?post=3411486"}],"version-history":[{"count":0,"href":"https:\/\/stoic-curie.212-227-153-4.plesk.page\/de\/wp-json\/wp\/v2\/product\/3411486\/revisions"}],"wp:featuredmedia":[{"embeddable":true,"href":"https:\/\/stoic-curie.212-227-153-4.plesk.page\/de\/wp-json\/wp\/v2\/media\/5940741"}],"wp:attachment":[{"href":"https:\/\/stoic-curie.212-227-153-4.plesk.page\/de\/wp-json\/wp\/v2\/media?parent=3411486"}],"wp:term":[{"taxonomy":"product_brand","embeddable":true,"href":"https:\/\/stoic-curie.212-227-153-4.plesk.page\/de\/wp-json\/wp\/v2\/product_brand?post=3411486"},{"taxonomy":"product_cat","embeddable":true,"href":"https:\/\/stoic-curie.212-227-153-4.plesk.page\/de\/wp-json\/wp\/v2\/product_cat?post=3411486"},{"taxonomy":"product_tag","embeddable":true,"href":"https:\/\/stoic-curie.212-227-153-4.plesk.page\/de\/wp-json\/wp\/v2\/product_tag?post=3411486"}],"curies":[{"name":"wp","href":"https:\/\/api.w.org\/{rel}","templated":true}]}}