{"id":3411508,"date":"2025-10-09T22:44:51","date_gmt":"2025-10-10T02:44:51","guid":{"rendered":"https:\/\/stoic-curie.212-227-153-4.plesk.page\/product\/wasserdichtmittel-starbrite-fuer-stoffe-und-bootabdeckungen-650-ml\/"},"modified":"2026-02-24T23:34:54","modified_gmt":"2026-02-24T23:34:54","slug":"wasserdichtmittel-starbrite-fuer-stoffe-und-bootabdeckungen-650-ml","status":"publish","type":"product","link":"https:\/\/stoic-curie.212-227-153-4.plesk.page\/de\/product\/wasserdichtmittel-starbrite-fuer-stoffe-und-bootabdeckungen-650-ml\/","title":{"rendered":"Wasserdichtmittel Starbrite f\u00fcr Stoffe und Bootabdeckungen 650 Ml"},"content":{"rendered":"<p>Wasserdichtmittel Starbrite f\u00fcr Stoffe und Bootabdeckungen 650 Ml &#8211; <\/p>\n<p>\u2022 Sichere und geeignete Wasserabdichtung f\u00fcr alle Stoffe<br \/>\u2022 F\u00fcr Bootsabdeckungen, Bimini-\u00dcberz\u00fcge, Segeltuchabdeckungen, Kleidung und Zelte<br \/>\u2022 Ver\u00e4ndert nicht die Farbe oder das Gef\u00fchl des Stoffes<\/p>\n","protected":false},"excerpt":{"rendered":"<p>Wasserdichtmittel Starbrite f\u00fcr Stoffe und Bootabdeckungen 650 Ml &#8211; \u2022 Sichere und geeignete Wasserabdichtung f\u00fcr alle Stoffe\u2022 F\u00fcr Bootsabdeckungen, Bimini-\u00dcberz\u00fcge,<\/p>\n","protected":false},"featured_media":5940743,"comment_status":"closed","ping_status":"closed","template":"","meta":[],"product_brand":[3435],"product_cat":[1416,1402,1339],"product_tag":[],"class_list":{"0":"post-3411508","1":"product","2":"type-product","3":"status-publish","4":"has-post-thumbnail","6":"product_brand-starbrite-de","7":"product_cat-befestigungsmaterial-fuer-bootsabdeckungen-und-bimini","8":"product_cat-bimini-verdecke","9":"product_cat-produkte-zur-wartung","11":"first","12":"instock","13":"shipping-taxable","14":"purchasable","15":"product-type-simple"},"_links":{"self":[{"href":"https:\/\/stoic-curie.212-227-153-4.plesk.page\/de\/wp-json\/wp\/v2\/product\/3411508","targetHints":{"allow":["GET"]}}],"collection":[{"href":"https:\/\/stoic-curie.212-227-153-4.plesk.page\/de\/wp-json\/wp\/v2\/product"}],"about":[{"href":"https:\/\/stoic-curie.212-227-153-4.plesk.page\/de\/wp-json\/wp\/v2\/types\/product"}],"replies":[{"embeddable":true,"href":"https:\/\/stoic-curie.212-227-153-4.plesk.page\/de\/wp-json\/wp\/v2\/comments?post=3411508"}],"version-history":[{"count":0,"href":"https:\/\/stoic-curie.212-227-153-4.plesk.page\/de\/wp-json\/wp\/v2\/product\/3411508\/revisions"}],"wp:featuredmedia":[{"embeddable":true,"href":"https:\/\/stoic-curie.212-227-153-4.plesk.page\/de\/wp-json\/wp\/v2\/media\/5940743"}],"wp:attachment":[{"href":"https:\/\/stoic-curie.212-227-153-4.plesk.page\/de\/wp-json\/wp\/v2\/media?parent=3411508"}],"wp:term":[{"taxonomy":"product_brand","embeddable":true,"href":"https:\/\/stoic-curie.212-227-153-4.plesk.page\/de\/wp-json\/wp\/v2\/product_brand?post=3411508"},{"taxonomy":"product_cat","embeddable":true,"href":"https:\/\/stoic-curie.212-227-153-4.plesk.page\/de\/wp-json\/wp\/v2\/product_cat?post=3411508"},{"taxonomy":"product_tag","embeddable":true,"href":"https:\/\/stoic-curie.212-227-153-4.plesk.page\/de\/wp-json\/wp\/v2\/product_tag?post=3411508"}],"curies":[{"name":"wp","href":"https:\/\/api.w.org\/{rel}","templated":true}]}}