{"id":3411510,"date":"2025-10-09T22:44:52","date_gmt":"2025-10-10T02:44:52","guid":{"rendered":"https:\/\/stoic-curie.212-227-153-4.plesk.page\/product\/star-brite-fleckenentferner-mit-bleiche-650-ml\/"},"modified":"2026-02-24T23:34:54","modified_gmt":"2026-02-24T23:34:54","slug":"star-brite-fleckenentferner-mit-bleiche-650-ml","status":"publish","type":"product","link":"https:\/\/stoic-curie.212-227-153-4.plesk.page\/de\/product\/star-brite-fleckenentferner-mit-bleiche-650-ml\/","title":{"rendered":"Star Brite Fleckenentferner mit Bleiche 650 ml"},"content":{"rendered":"<p>Star Brite Fleckenentferner mit Bleiche 650 ml &#8211; <\/p>\n<p>\u2022 Entfernt schnell Schimmel- und Stockflecken<br \/>\u2022 Einfaches Spr\u00fchen sorgt innerhalb weniger Minuten f\u00fcr erstaunliche Ergebnisse<br \/>\u2022 Geeignet f\u00fcr jeden Raum, Kopfkissen, Vinylbez\u00fcge, Polster usw.<br \/>\u2022 Sicher f\u00fcr alle Oberfl\u00e4chen, schw\u00e4cht den Stoff oder die F\u00e4den nicht<\/p>\n","protected":false},"excerpt":{"rendered":"<p>Star Brite Fleckenentferner mit Bleiche 650 ml &#8211; \u2022 Entfernt schnell Schimmel- und Stockflecken\u2022 Einfaches Spr\u00fchen sorgt innerhalb weniger Minuten<\/p>\n","protected":false},"featured_media":5940745,"comment_status":"closed","ping_status":"closed","template":"","meta":[],"product_brand":[3435],"product_cat":[1341],"product_tag":[],"class_list":{"0":"post-3411510","1":"product","2":"type-product","3":"status-publish","4":"has-post-thumbnail","6":"product_brand-starbrite-de","7":"product_cat-produkte-zur-reinigung","9":"first","10":"instock","11":"shipping-taxable","12":"purchasable","13":"product-type-simple"},"_links":{"self":[{"href":"https:\/\/stoic-curie.212-227-153-4.plesk.page\/de\/wp-json\/wp\/v2\/product\/3411510","targetHints":{"allow":["GET"]}}],"collection":[{"href":"https:\/\/stoic-curie.212-227-153-4.plesk.page\/de\/wp-json\/wp\/v2\/product"}],"about":[{"href":"https:\/\/stoic-curie.212-227-153-4.plesk.page\/de\/wp-json\/wp\/v2\/types\/product"}],"replies":[{"embeddable":true,"href":"https:\/\/stoic-curie.212-227-153-4.plesk.page\/de\/wp-json\/wp\/v2\/comments?post=3411510"}],"version-history":[{"count":0,"href":"https:\/\/stoic-curie.212-227-153-4.plesk.page\/de\/wp-json\/wp\/v2\/product\/3411510\/revisions"}],"wp:featuredmedia":[{"embeddable":true,"href":"https:\/\/stoic-curie.212-227-153-4.plesk.page\/de\/wp-json\/wp\/v2\/media\/5940745"}],"wp:attachment":[{"href":"https:\/\/stoic-curie.212-227-153-4.plesk.page\/de\/wp-json\/wp\/v2\/media?parent=3411510"}],"wp:term":[{"taxonomy":"product_brand","embeddable":true,"href":"https:\/\/stoic-curie.212-227-153-4.plesk.page\/de\/wp-json\/wp\/v2\/product_brand?post=3411510"},{"taxonomy":"product_cat","embeddable":true,"href":"https:\/\/stoic-curie.212-227-153-4.plesk.page\/de\/wp-json\/wp\/v2\/product_cat?post=3411510"},{"taxonomy":"product_tag","embeddable":true,"href":"https:\/\/stoic-curie.212-227-153-4.plesk.page\/de\/wp-json\/wp\/v2\/product_tag?post=3411510"}],"curies":[{"name":"wp","href":"https:\/\/api.w.org\/{rel}","templated":true}]}}