{"id":3411512,"date":"2025-10-09T22:44:52","date_gmt":"2025-10-10T02:44:52","guid":{"rendered":"https:\/\/stoic-curie.212-227-153-4.plesk.page\/product\/star-brite-instant-hull-cleaner-1-liter\/"},"modified":"2026-02-24T23:34:54","modified_gmt":"2026-02-24T23:34:54","slug":"star-brite-instant-hull-cleaner-1-liter","status":"publish","type":"product","link":"https:\/\/stoic-curie.212-227-153-4.plesk.page\/de\/product\/star-brite-instant-hull-cleaner-1-liter\/","title":{"rendered":"Star Brite &#8220;Instant Hull Cleaner&#8221; 1 Liter"},"content":{"rendered":"<p>Star Brite &#8220;Instant Hull Cleaner&#8221; 1 Liter &#8211; <\/p>\n<p>\u2022 Enth\u00e4lt keine sch\u00e4dlichen S\u00e4uren, sicher und einfach zu verwenden.<br \/>\u2022 Entfernt schnell Streifen und Flecken von der Wasserlinie und von den Seiten.<br \/>\u2022 Ausgezeichnet f\u00fcr die Anwendung auf Fiberglas, Metall und lackierten Oberfl\u00e4chen.<br \/>\u2022 Die neue Gel-Formel in Sprayform haftet an vertikalen Fl\u00e4chen.<\/p>\n","protected":false},"excerpt":{"rendered":"<p>Star Brite &#8220;Instant Hull Cleaner&#8221; 1 Liter &#8211; \u2022 Enth\u00e4lt keine sch\u00e4dlichen S\u00e4uren, sicher und einfach zu verwenden.\u2022 Entfernt schnell<\/p>\n","protected":false},"featured_media":5940746,"comment_status":"closed","ping_status":"closed","template":"","meta":[],"product_brand":[3435],"product_cat":[1341],"product_tag":[],"class_list":{"0":"post-3411512","1":"product","2":"type-product","3":"status-publish","4":"has-post-thumbnail","6":"product_brand-starbrite-de","7":"product_cat-produkte-zur-reinigung","9":"first","10":"instock","11":"shipping-taxable","12":"purchasable","13":"product-type-simple"},"_links":{"self":[{"href":"https:\/\/stoic-curie.212-227-153-4.plesk.page\/de\/wp-json\/wp\/v2\/product\/3411512","targetHints":{"allow":["GET"]}}],"collection":[{"href":"https:\/\/stoic-curie.212-227-153-4.plesk.page\/de\/wp-json\/wp\/v2\/product"}],"about":[{"href":"https:\/\/stoic-curie.212-227-153-4.plesk.page\/de\/wp-json\/wp\/v2\/types\/product"}],"replies":[{"embeddable":true,"href":"https:\/\/stoic-curie.212-227-153-4.plesk.page\/de\/wp-json\/wp\/v2\/comments?post=3411512"}],"version-history":[{"count":0,"href":"https:\/\/stoic-curie.212-227-153-4.plesk.page\/de\/wp-json\/wp\/v2\/product\/3411512\/revisions"}],"wp:featuredmedia":[{"embeddable":true,"href":"https:\/\/stoic-curie.212-227-153-4.plesk.page\/de\/wp-json\/wp\/v2\/media\/5940746"}],"wp:attachment":[{"href":"https:\/\/stoic-curie.212-227-153-4.plesk.page\/de\/wp-json\/wp\/v2\/media?parent=3411512"}],"wp:term":[{"taxonomy":"product_brand","embeddable":true,"href":"https:\/\/stoic-curie.212-227-153-4.plesk.page\/de\/wp-json\/wp\/v2\/product_brand?post=3411512"},{"taxonomy":"product_cat","embeddable":true,"href":"https:\/\/stoic-curie.212-227-153-4.plesk.page\/de\/wp-json\/wp\/v2\/product_cat?post=3411512"},{"taxonomy":"product_tag","embeddable":true,"href":"https:\/\/stoic-curie.212-227-153-4.plesk.page\/de\/wp-json\/wp\/v2\/product_tag?post=3411512"}],"curies":[{"name":"wp","href":"https:\/\/api.w.org\/{rel}","templated":true}]}}